{"id":60084,"date":"2026-02-06T13:12:47","date_gmt":"2026-02-06T13:12:47","guid":{"rendered":"https:\/\/woundedwarriors.ca\/?page_id=60084"},"modified":"2026-03-13T20:29:51","modified_gmt":"2026-03-13T20:29:51","slug":"le-douzieme-dejeuner-annuel-dejeuner-sam-sharpe","status":"publish","type":"page","link":"https:\/\/woundedwarriors.ca\/fr\/le-douzieme-dejeuner-annuel-dejeuner-sam-sharpe\/","title":{"rendered":"Le douzi\u00e8me d\u00e9jeuner annuel D\u00e9jeuner Sam Sharpe"},"content":{"rendered":"<p>[et_pb_section fb_built=\u00a0\u00bb1&Prime; _builder_version=\u00a0\u00bb4.27.4&Prime; _module_preset=\u00a0\u00bbdefault\u00a0\u00bb background_enable_color=\u00a0\u00bboff\u00a0\u00bb background_image=\u00a0\u00bbhttps:\/\/woundedwarriors.ca\/wp-content\/uploads\/2026\/02\/c5a472_30868594ec5f4d1f8a7f396fd2b0bdb9mv2.jpg\u00a0\u00bb custom_padding=\u00a0\u00bb30px||||false|false\u00a0\u00bb da_disable_devices=\u00a0\u00bboff|off|off\u00a0\u00bb global_colors_info=\u00a0\u00bb{}\u00a0\u00bb da_is_popup=\u00a0\u00bboff\u00a0\u00bb da_exit_intent=\u00a0\u00bboff\u00a0\u00bb da_has_close=\u00a0\u00bbon\u00a0\u00bb da_alt_close=\u00a0\u00bboff\u00a0\u00bb da_dark_close=\u00a0\u00bboff\u00a0\u00bb da_not_modal=\u00a0\u00bbon\u00a0\u00bb da_is_singular=\u00a0\u00bboff\u00a0\u00bb da_with_loader=\u00a0\u00bboff\u00a0\u00bb da_has_shadow=\u00a0\u00bbon\u00a0\u00bb][et_pb_row _builder_version=\u00a0\u00bb4.27.4&Prime; _module_preset=\u00a0\u00bbdefault\u00a0\u00bb width=\u00a0\u00bb80%\u00a0\u00bb width_tablet=\u00a0\u00bb80%\u00a0\u00bb width_phone=\u00a0\u00bb90%\u00a0\u00bb width_last_edited=\u00a0\u00bbon|phone\u00a0\u00bb max_width=\u00a0\u00bbunset\u00a0\u00bb custom_padding=\u00a0\u00bb0px||20px||false|false\u00a0\u00bb locked=\u00a0\u00bboff\u00a0\u00bb global_colors_info=\u00a0\u00bb{}\u00a0\u00bb][et_pb_column type=\u00a0\u00bb4_4&Prime; _builder_version=\u00a0\u00bb4.27.4&Prime; _module_preset=\u00a0\u00bbdefault\u00a0\u00bb pac_dcm_carousel_specific_module_num=\u00a0\u00bb0&Prime; global_colors_info=\u00a0\u00bb{}\u00a0\u00bb][et_pb_text admin_label=\u00a0\u00bbLang\u00a0\u00bb _builder_version=\u00a0\u00bb4.27.4&Prime; _module_preset=\u00a0\u00bbdefault\u00a0\u00bb text_text_color=\u00a0\u00bb#000000&Prime; link_text_color=\u00a0\u00bb#000000&Prime; background_color=\u00a0\u00bb#FFFFFF\u00a0\u00bb width=\u00a0\u00bb140px\u00a0\u00bb module_alignment=\u00a0\u00bbright\u00a0\u00bb custom_padding=\u00a0\u00bb6px||6px||true|false\u00a0\u00bb border_radii=\u00a0\u00bbon|20px|20px|20px|20px\u00a0\u00bb border_width_all=\u00a0\u00bb2px\u00a0\u00bb border_color_all=\u00a0\u00bb#000000&Prime; global_colors_info=\u00a0\u00bb{}\u00a0\u00bb]<\/p>\n<p style=\"text-align: center;\"><a href=\"https:\/\/woundedwarriors.ca\/sam-sharpe-breakfast-2026\/\">in english<\/a><\/p>\n<p>[\/et_pb_text][\/et_pb_column][\/et_pb_row][et_pb_row _builder_version=\u00a0\u00bb4.27.4&Prime; _module_preset=\u00a0\u00bbdefault\u00a0\u00bb background_color=\u00a0\u00bbrgba(0,0,0,0.5)\u00a0\u00bb width=\u00a0\u00bb80%\u00a0\u00bb width_tablet=\u00a0\u00bb80%\u00a0\u00bb width_phone=\u00a0\u00bb90%\u00a0\u00bb width_last_edited=\u00a0\u00bbon|desktop\u00a0\u00bb max_width=\u00a0\u00bbunset\u00a0\u00bb global_colors_info=\u00a0\u00bb{}\u00a0\u00bb][et_pb_column type=\u00a0\u00bb4_4&Prime; _builder_version=\u00a0\u00bb4.27.4&Prime; _module_preset=\u00a0\u00bbdefault\u00a0\u00bb pac_dcm_carousel_specific_module_num=\u00a0\u00bb0&Prime; global_colors_info=\u00a0\u00bb{}\u00a0\u00bb][et_pb_text admin_label=\u00a0\u00bbAu nom du colonel (retrait\u00e9) Alex Ruff, d\u00e9put\u00e9, et de la Cam (retrait\u00e9e) l\u2019honorable Rebecca Patterson, vous \u00eates invit\u00e9s au:\u00a0\u00bb _builder_version=\u00a0\u00bb4.27.4&Prime; _module_preset=\u00a0\u00bbdefault\u00a0\u00bb text_font=\u00a0\u00bbMontserrat|700|||||||\u00a0\u00bb text_text_color=\u00a0\u00bb#FFFFFF\u00a0\u00bb text_font_size=\u00a0\u00bb32px\u00a0\u00bb text_line_height=\u00a0\u00bb1.3em\u00a0\u00bb text_orientation=\u00a0\u00bbcenter\u00a0\u00bb width=\u00a0\u00bb80%\u00a0\u00bb module_alignment=\u00a0\u00bbcenter\u00a0\u00bb text_font_size_tablet=\u00a0\u00bb25px\u00a0\u00bb text_font_size_phone=\u00a0\u00bb20px\u00a0\u00bb text_font_size_last_edited=\u00a0\u00bbon|phone\u00a0\u00bb text_text_shadow_style=\u00a0\u00bbpreset1&Prime; global_colors_info=\u00a0\u00bb{}\u00a0\u00bb]Au nom de la contre-amirale (retrait\u00e9e) la s\u00e9natrice Rebecca Patterson et du colonel (retrait\u00e9) le d\u00e9put\u00e9 Alex Ruff, vous \u00eates invit\u00e9 \u00e0 :[\/et_pb_text][et_pb_text admin_label=\u00a0\u00bbLe douzi\u00e8me d\u00e9jeuner annuel D\u00e9jeuner Sam Sharpe\u00a0\u00bb _builder_version=\u00a0\u00bb4.27.4&Prime; _module_preset=\u00a0\u00bbdefault\u00a0\u00bb header_font=\u00a0\u00bbBebas Neue|||on|||||\u00a0\u00bb header_text_color=\u00a0\u00bb#FFFFFF\u00a0\u00bb header_font_size=\u00a0\u00bb65px\u00a0\u00bb background_color=\u00a0\u00bbrgba(168,168,168,0.46)\u00a0\u00bb custom_padding=\u00a0\u00bb2rem||2rem||true|false\u00a0\u00bb hover_enabled=\u00a0\u00bb0&Prime; header_font_size_tablet=\u00a0\u00bb55px\u00a0\u00bb header_font_size_phone=\u00a0\u00bb45px\u00a0\u00bb header_font_size_last_edited=\u00a0\u00bbon|phone\u00a0\u00bb custom_css_free_form=\u00a0\u00bbselector h1 {||  padding-bottom:0;||}\u00a0\u00bb header_text_shadow_style=\u00a0\u00bbpreset1&Prime; global_colors_info=\u00a0\u00bb{}\u00a0\u00bb sticky_enabled=\u00a0\u00bb0&Prime;]<\/p>\n<h1 style=\"text-align: center;\">La treizi\u00e8me \u00e9dition du d\u00e9jeuner annuel Sam Sharpe<br \/>pour la sant\u00e9 mentale des v\u00e9t\u00e9rans<\/h1>\n<p>[\/et_pb_text][\/et_pb_column][\/et_pb_row][et_pb_row column_structure=\u00a0\u00bb2_5,3_5&Prime; make_equal=\u00a0\u00bbon\u00a0\u00bb module_class=\u00a0\u00bbsection&#8211;image\u00a0\u00bb _builder_version=\u00a0\u00bb4.27.4&Prime; _module_preset=\u00a0\u00bbdefault\u00a0\u00bb background_color=\u00a0\u00bbrgba(0,0,0,0.5)\u00a0\u00bb background_enable_image=\u00a0\u00bboff\u00a0\u00bb background_size=\u00a0\u00bbinitial\u00a0\u00bb background_position=\u00a0\u00bbbottom_left\u00a0\u00bb width=\u00a0\u00bb80%\u00a0\u00bb width_tablet=\u00a0\u00bb80%\u00a0\u00bb width_phone=\u00a0\u00bb90%\u00a0\u00bb width_last_edited=\u00a0\u00bbon|phone\u00a0\u00bb max_width=\u00a0\u00bbunset\u00a0\u00bb custom_margin=\u00a0\u00bb0px||||false|false\u00a0\u00bb custom_padding=\u00a0\u00bb||0px||false|false\u00a0\u00bb background_last_edited=\u00a0\u00bbon|desktop\u00a0\u00bb background_enable_image_phone=\u00a0\u00bboff\u00a0\u00bb global_colors_info=\u00a0\u00bb{}\u00a0\u00bb][et_pb_column type=\u00a0\u00bb2_5&Prime; _builder_version=\u00a0\u00bb4.27.4&Prime; _module_preset=\u00a0\u00bbdefault\u00a0\u00bb background_image=\u00a0\u00bbhttps:\/\/woundedwarriors.ca\/wp-content\/uploads\/2026\/02\/Sam-Sharpe-LG.png\u00a0\u00bb background_last_edited=\u00a0\u00bbon|desktop\u00a0\u00bb background_enable_image_tablet=\u00a0\u00bboff\u00a0\u00bb pac_dcm_carousel_specific_module_num=\u00a0\u00bb0&Prime; global_colors_info=\u00a0\u00bb{}\u00a0\u00bb][et_pb_image src=\u00a0\u00bbhttps:\/\/woundedwarriors.ca\/wp-content\/uploads\/2026\/02\/Sam-Sharpe-LG.png\u00a0\u00bb alt=\u00a0\u00bbColonel Sam Sharpe\u00a0\u00bb title_text=\u00a0\u00bbSam-Sharpe-LG\u00a0\u00bb disabled_on=\u00a0\u00bboff|off|on\u00a0\u00bb _builder_version=\u00a0\u00bb4.27.4&Prime; _module_preset=\u00a0\u00bbdefault\u00a0\u00bb positioning=\u00a0\u00bbrelative\u00a0\u00bb vertical_offset=\u00a0\u00bb0px\u00a0\u00bb position_origin_a_tablet=\u00a0\u00bb\u00a0\u00bb position_origin_a_phone=\u00a0\u00bb\u00a0\u00bb position_origin_a_last_edited=\u00a0\u00bbon|desktop\u00a0\u00bb position_origin_f_tablet=\u00a0\u00bb\u00a0\u00bb position_origin_f_phone=\u00a0\u00bb\u00a0\u00bb position_origin_f_last_edited=\u00a0\u00bbon|desktop\u00a0\u00bb position_origin_r_tablet=\u00a0\u00bb\u00a0\u00bb position_origin_r_phone=\u00a0\u00bb\u00a0\u00bb position_origin_r_last_edited=\u00a0\u00bbon|desktop\u00a0\u00bb positioning_tablet=\u00a0\u00bbrelative\u00a0\u00bb positioning_phone=\u00a0\u00bbrelative\u00a0\u00bb positioning_last_edited=\u00a0\u00bbon|desktop\u00a0\u00bb global_colors_info=\u00a0\u00bb{}\u00a0\u00bb][\/et_pb_image][\/et_pb_column][et_pb_column type=\u00a0\u00bb3_5&Prime; _builder_version=\u00a0\u00bb4.27.4&Prime; _module_preset=\u00a0\u00bbdefault\u00a0\u00bb custom_padding=\u00a0\u00bb5rem||||false|false\u00a0\u00bb custom_padding_tablet=\u00a0\u00bb3rem||||false|false\u00a0\u00bb custom_padding_phone=\u00a0\u00bb0rem||||false|false\u00a0\u00bb custom_padding_last_edited=\u00a0\u00bbon|phone\u00a0\u00bb pac_dcm_carousel_specific_module_num=\u00a0\u00bb0&Prime; global_colors_info=\u00a0\u00bb{}\u00a0\u00bb][et_pb_text admin_label=\u00a0\u00bbTuesday, May 5 &#8211; 2026 7:30 a.m &#8211; 9:30 a.m EST.\u00a0\u00bb _builder_version=\u00a0\u00bb4.27.4&Prime; _module_preset=\u00a0\u00bbdefault\u00a0\u00bb text_font=\u00a0\u00bbMontserrat|700|||||||\u00a0\u00bb text_text_color=\u00a0\u00bb#FFFFFF\u00a0\u00bb text_font_size=\u00a0\u00bb38px\u00a0\u00bb text_line_height=\u00a0\u00bb1.3em\u00a0\u00bb text_orientation=\u00a0\u00bbcenter\u00a0\u00bb text_font_size_tablet=\u00a0\u00bb28px\u00a0\u00bb text_font_size_phone=\u00a0\u00bb24px\u00a0\u00bb text_font_size_last_edited=\u00a0\u00bbon|phone\u00a0\u00bb text_text_shadow_style=\u00a0\u00bbpreset1&Prime; global_colors_info=\u00a0\u00bb{}\u00a0\u00bb]Mardi 5 mai 2026<br \/>\n7 h 30 &#8211; 9 h 30 HE[\/et_pb_text][et_pb_text admin_label=\u00a0\u00bbLocation\u00a0\u00bb _builder_version=\u00a0\u00bb4.27.4&Prime; _module_preset=\u00a0\u00bbdefault\u00a0\u00bb text_font=\u00a0\u00bbMontserrat|300|||||||\u00a0\u00bb text_text_color=\u00a0\u00bb#FFFFFF\u00a0\u00bb text_font_size=\u00a0\u00bb28px\u00a0\u00bb ul_line_height=\u00a0\u00bb1.3em\u00a0\u00bb module_alignment=\u00a0\u00bbcenter\u00a0\u00bb text_font_size_tablet=\u00a0\u00bb22px\u00a0\u00bb text_font_size_phone=\u00a0\u00bb18px\u00a0\u00bb text_font_size_last_edited=\u00a0\u00bbon|phone\u00a0\u00bb text_text_shadow_style=\u00a0\u00bbpreset1&Prime; global_colors_info=\u00a0\u00bb{}\u00a0\u00bb]<\/p>\n<p style=\"text-align: center;\">\u00c9difice Sir John A Macdonald<br \/>\nPi\u00e8ce 100- Colline du Parlement<br \/>\n144, rue Wellington, Ottawa (Ontario)<\/p>\n<p>[\/et_pb_text][et_pb_text admin_label=\u00a0\u00bbRSVP: samsharpebreakfast.ca\u00a0\u00bb _builder_version=\u00a0\u00bb4.27.4&Prime; _module_preset=\u00a0\u00bbdefault\u00a0\u00bb text_font=\u00a0\u00bbBebas Neue|300||on|||||\u00a0\u00bb text_text_color=\u00a0\u00bb#FFFFFF\u00a0\u00bb text_font_size=\u00a0\u00bb30px\u00a0\u00bb link_font=\u00a0\u00bb&#8211;et_global_heading_font|||on|on||||\u00a0\u00bb link_text_color=\u00a0\u00bb#FFFFFF\u00a0\u00bb text_orientation=\u00a0\u00bbcenter\u00a0\u00bb text_font_size_tablet=\u00a0\u00bb25px\u00a0\u00bb text_font_size_phone=\u00a0\u00bb22px\u00a0\u00bb text_font_size_last_edited=\u00a0\u00bbon|phone\u00a0\u00bb global_colors_info=\u00a0\u00bb{}\u00a0\u00bb]<\/p>\n<p><span>Veuillez confirmer votre pr\u00e9sence: <br \/><\/span><a href=\"http:\/\/samsharpebreakfast.ca\">RSVP: samsharpebreakfast.ca<\/a><\/p>\n<p>[\/et_pb_text][et_pb_text admin_label=\u00a0\u00bbproudly sponsored by\u00a0\u00bb _builder_version=\u00a0\u00bb4.27.4&Prime; _module_preset=\u00a0\u00bbdefault\u00a0\u00bb text_font=\u00a0\u00bbBebas Neue|300||on|||||\u00a0\u00bb text_text_color=\u00a0\u00bb#FFFFFF\u00a0\u00bb text_font_size=\u00a0\u00bb26px\u00a0\u00bb link_font=\u00a0\u00bb&#8211;et_global_heading_font|||on|on||||\u00a0\u00bb link_text_color=\u00a0\u00bb#FFFFFF\u00a0\u00bb text_orientation=\u00a0\u00bbright\u00a0\u00bb custom_margin=\u00a0\u00bb5rem||5rem||true|false\u00a0\u00bb text_font_size_tablet=\u00a0\u00bb22px\u00a0\u00bb text_font_size_phone=\u00a0\u00bb18px\u00a0\u00bb text_font_size_last_edited=\u00a0\u00bbon|phone\u00a0\u00bb text_orientation_tablet=\u00a0\u00bbcenter\u00a0\u00bb text_orientation_phone=\u00a0\u00bbcenter\u00a0\u00bb text_orientation_last_edited=\u00a0\u00bbon|desktop\u00a0\u00bb global_colors_info=\u00a0\u00bb{}\u00a0\u00bb]<\/p>\n<div class=\"d-flex\">\n<div>\n<p>Nous remercions nos<br \/>\npartenaires :<\/p>\n<\/div>\n<div><a href=\"https:\/\/woundedwarriors.ca\/\"><img loading=\"lazy\" decoding=\"async\" class=\"aligncenter wp-image-52898 size-thumbnail\" src=\"https:\/\/woundedwarriors.ca\/wp-content\/uploads\/2025\/03\/WWC_Logo_50x50-150x150.png\" alt=\"\" width=\"150\" height=\"150\" srcset=\"https:\/\/woundedwarriors.ca\/wp-content\/uploads\/2025\/03\/WWC_Logo_50x50-150x150.png 150w, https:\/\/woundedwarriors.ca\/wp-content\/uploads\/2025\/03\/WWC_Logo_50x50.png 209w\" sizes=\"(max-width: 150px) 100vw, 150px\" \/><\/a><\/div>\n<div class=\"bell-logo\"><a href=\"https:\/\/letstalk.bell.ca\/\"><img loading=\"lazy\" decoding=\"async\" class=\"aligncenter wp-image-59713 size-medium\" src=\"https:\/\/woundedwarriors.ca\/wp-content\/uploads\/2026\/02\/logo_en-300x89.png\" alt=\"BELL LET'S TALK\" width=\"300\" height=\"89\" \/><\/a><\/div>\n<\/div>\n<p>[\/et_pb_text][et_pb_code admin_label=\u00a0\u00bbCSS\u00a0\u00bb _builder_version=\u00a0\u00bb4.27.4&Prime; _module_preset=\u00a0\u00bbdefault\u00a0\u00bb global_colors_info=\u00a0\u00bb{}\u00a0\u00bb]<\/p>\n<style><!-- [et_pb_line_break_holder] -->  .d-flex > div a:hover {opacity:0.7;}<!-- [et_pb_line_break_holder] -->  .ww-logo img {<!-- [et_pb_line_break_holder] -->  width: 6rem;<!-- [et_pb_line_break_holder] -->  height: 6rem;<!-- [et_pb_line_break_holder] -->}<!-- [et_pb_line_break_holder] -->.bell-logo {<!-- [et_pb_line_break_holder] -->  background: #fff;<!-- [et_pb_line_break_holder] -->    border-radius: 1rem;<!-- [et_pb_line_break_holder] -->    padding: 1rem;<!-- [et_pb_line_break_holder] -->}<!-- [et_pb_line_break_holder] -->.bell-logo img {<!-- [et_pb_line_break_holder] -->  width: 10rem;<!-- [et_pb_line_break_holder] -->}<!-- [et_pb_line_break_holder] -->  .d-flex > div {<!-- [et_pb_line_break_holder] -->    margin: 2rem 1rem;<!-- [et_pb_line_break_holder] -->}<!-- [et_pb_line_break_holder] -->  @media only screen and (min-width: 980px) {<!-- [et_pb_line_break_holder] -->  .d-flex {<!-- [et_pb_line_break_holder] -->  display: flex;<!-- [et_pb_line_break_holder] -->      align-items: center;<!-- [et_pb_line_break_holder] -->    justify-content: center;<!-- [et_pb_line_break_holder] -->}<!-- [et_pb_line_break_holder] -->.d-flex > div {<!-- [et_pb_line_break_holder] -->    margin: 0 2rem 0 0;<!-- [et_pb_line_break_holder] -->}<!-- [et_pb_line_break_holder] --><!-- [et_pb_line_break_holder] -->  }<!-- [et_pb_line_break_holder] --><\/style>\n<p>[\/et_pb_code][\/et_pb_column][\/et_pb_row][et_pb_row _builder_version=\u00a0\u00bb4.27.4&Prime; _module_preset=\u00a0\u00bbdefault\u00a0\u00bb background_color=\u00a0\u00bbrgba(0,0,0,0.5)\u00a0\u00bb width=\u00a0\u00bb80%\u00a0\u00bb width_tablet=\u00a0\u00bb80%\u00a0\u00bb width_phone=\u00a0\u00bb90%\u00a0\u00bb width_last_edited=\u00a0\u00bbon|phone\u00a0\u00bb max_width=\u00a0\u00bbunset\u00a0\u00bb custom_margin=\u00a0\u00bb7rem||||false|false\u00a0\u00bb custom_margin_tablet=\u00a0\u00bb5rem||||false|false\u00a0\u00bb custom_margin_phone=\u00a0\u00bb3rem||||false|false\u00a0\u00bb custom_margin_last_edited=\u00a0\u00bbon|phone\u00a0\u00bb global_colors_info=\u00a0\u00bb{}\u00a0\u00bb][et_pb_column type=\u00a0\u00bb4_4&Prime; _builder_version=\u00a0\u00bb4.27.4&Prime; _module_preset=\u00a0\u00bbdefault\u00a0\u00bb pac_dcm_carousel_specific_module_num=\u00a0\u00bb0&Prime; global_colors_info=\u00a0\u00bb{}\u00a0\u00bb][et_pb_text admin_label=\u00a0\u00bb\u00c0 propos de\u00a0\u00bb _builder_version=\u00a0\u00bb4.27.4&Prime; _module_preset=\u00a0\u00bbdefault\u00a0\u00bb text_text_color=\u00a0\u00bb#FFFFFF\u00a0\u00bb header_font=\u00a0\u00bb&#8211;et_global_heading_font|700||on|||||\u00a0\u00bb header_text_color=\u00a0\u00bb#FFFFFF\u00a0\u00bb header_font_size=\u00a0\u00bb65px\u00a0\u00bb header_2_font=\u00a0\u00bbBebas Neue||||||||\u00a0\u00bb header_2_text_color=\u00a0\u00bb#FFFFFF\u00a0\u00bb header_2_font_size=\u00a0\u00bb65px\u00a0\u00bb background_color=\u00a0\u00bbrgba(168,168,168,0.46)\u00a0\u00bb custom_padding=\u00a0\u00bb1rem|2rem|1rem|2rem|true|true\u00a0\u00bb header_font_size_tablet=\u00a0\u00bb55px\u00a0\u00bb header_font_size_phone=\u00a0\u00bb45px\u00a0\u00bb header_font_size_last_edited=\u00a0\u00bbon|phone\u00a0\u00bb custom_css_free_form=\u00a0\u00bbselector h2 {||  padding-bottom:0;||}||@media only screen and (min-width: 980px) {||selector {||  float:left;||  margin-right:2rem;||  margin-bottom:0 !important;||}||}\u00a0\u00bb header_text_shadow_style=\u00a0\u00bbpreset1&Prime; global_colors_info=\u00a0\u00bb{}\u00a0\u00bb]<\/p>\n<h2 style=\"text-align: left;\">\u00c0 propos<\/h2>\n<p>[\/et_pb_text][et_pb_text _builder_version=\u00a0\u00bb4.27.4&Prime; _module_preset=\u00a0\u00bbdefault\u00a0\u00bb text_font=\u00a0\u00bbMontserrat|300|||||||\u00a0\u00bb text_text_color=\u00a0\u00bb#FFFFFF\u00a0\u00bb text_font_size=\u00a0\u00bb35px\u00a0\u00bb text_line_height=\u00a0\u00bb1.3em\u00a0\u00bb text_font_size_tablet=\u00a0\u00bb28px\u00a0\u00bb text_font_size_phone=\u00a0\u00bb25px\u00a0\u00bb text_font_size_last_edited=\u00a0\u00bbon|phone\u00a0\u00bb custom_css_free_form=\u00a0\u00bbselector {||      padding: 0 2rem;||}\u00a0\u00bb global_colors_info=\u00a0\u00bb{}\u00a0\u00bb]<\/p>\n<p>Le d\u00e9jeuner annuel Sam Sharpe rassemble des parlementaires de tous les partis, des membres des Forces arm\u00e9es canadiennes, de la Gendarmerie royale du Canada, des anciens combattants, des premiers r\u00e9pondants, des militants pour la sant\u00e9 mentale et des amis de partout au Canada. Ensemble, nous nous r\u00e9unissons pour \u00e9couter des conf\u00e9renciers influents et rendre hommage au service et au sacrifice de ceux qui assurent la s\u00e9curit\u00e9 de notre pays et de nos communaut\u00e9s.<\/p>\n<p>[\/et_pb_text][\/et_pb_column][\/et_pb_row][et_pb_row _builder_version=\u00a0\u00bb4.27.4&Prime; _module_preset=\u00a0\u00bbdefault\u00a0\u00bb background_color=\u00a0\u00bbrgba(0,0,0,0.5)\u00a0\u00bb width=\u00a0\u00bb80%\u00a0\u00bb width_tablet=\u00a0\u00bb80%\u00a0\u00bb width_phone=\u00a0\u00bb90%\u00a0\u00bb width_last_edited=\u00a0\u00bbon|phone\u00a0\u00bb max_width=\u00a0\u00bbunset\u00a0\u00bb custom_margin=\u00a0\u00bb0px||||false|false\u00a0\u00bb custom_margin_tablet=\u00a0\u00bb0rem||||false|false\u00a0\u00bb custom_margin_phone=\u00a0\u00bb0rem||||false|false\u00a0\u00bb custom_margin_last_edited=\u00a0\u00bbon|desktop\u00a0\u00bb custom_padding=\u00a0\u00bb3rem||||false|false\u00a0\u00bb global_colors_info=\u00a0\u00bb{}\u00a0\u00bb][et_pb_column type=\u00a0\u00bb4_4&Prime; _builder_version=\u00a0\u00bb4.27.4&Prime; _module_preset=\u00a0\u00bbdefault\u00a0\u00bb pac_dcm_carousel_specific_module_num=\u00a0\u00bb0&Prime; global_colors_info=\u00a0\u00bb{}\u00a0\u00bb][et_pb_text admin_label=\u00a0\u00bbBIOGRAPHIE\u00a0\u00bb _builder_version=\u00a0\u00bb4.27.4&Prime; _module_preset=\u00a0\u00bbdefault\u00a0\u00bb text_text_color=\u00a0\u00bb#FFFFFF\u00a0\u00bb header_font=\u00a0\u00bb&#8211;et_global_heading_font|700||on|||||\u00a0\u00bb header_text_color=\u00a0\u00bb#FFFFFF\u00a0\u00bb header_font_size=\u00a0\u00bb65px\u00a0\u00bb header_2_font=\u00a0\u00bbBebas Neue||||||||\u00a0\u00bb header_2_text_color=\u00a0\u00bb#FFFFFF\u00a0\u00bb header_2_font_size=\u00a0\u00bb65px\u00a0\u00bb background_color=\u00a0\u00bbrgba(168,168,168,0.46)\u00a0\u00bb custom_padding=\u00a0\u00bb1rem|2rem|1rem|2rem|true|true\u00a0\u00bb header_font_size_tablet=\u00a0\u00bb55px\u00a0\u00bb header_font_size_phone=\u00a0\u00bb45px\u00a0\u00bb header_font_size_last_edited=\u00a0\u00bbon|phone\u00a0\u00bb custom_css_free_form=\u00a0\u00bbselector h2 {||  padding-bottom:0;||}||@media only screen and (min-width: 980px) {||selector {||  float:left;||  margin-right:2rem;||  margin-bottom:0 !important;||}||}\u00a0\u00bb header_text_shadow_style=\u00a0\u00bbpreset1&Prime; global_colors_info=\u00a0\u00bb{}\u00a0\u00bb]<\/p>\n<h2 style=\"text-align: left;\">BIOGRAPHIE<\/h2>\n<p>[\/et_pb_text][et_pb_text _builder_version=\u00a0\u00bb4.27.4&Prime; _module_preset=\u00a0\u00bbdefault\u00a0\u00bb text_font=\u00a0\u00bbMontserrat|300|||||||\u00a0\u00bb text_text_color=\u00a0\u00bb#FFFFFF\u00a0\u00bb text_font_size=\u00a0\u00bb35px\u00a0\u00bb text_line_height=\u00a0\u00bb1.3em\u00a0\u00bb text_font_size_tablet=\u00a0\u00bb28px\u00a0\u00bb text_font_size_phone=\u00a0\u00bb25px\u00a0\u00bb text_font_size_last_edited=\u00a0\u00bbon|phone\u00a0\u00bb custom_css_free_form=\u00a0\u00bbselector {||      padding: 0 2rem;||}\u00a0\u00bb global_colors_info=\u00a0\u00bb{}\u00a0\u00bb]<\/p>\n<p>\u00c9lu pour la premi\u00e8re fois \u00e0 la Chambre des communes en 1908, puis r\u00e9\u00e9lu en 1911, le lieutenant-colonel Sam Sharpe \u00e9tait d\u00e9put\u00e9 de la circonscription d\u2019Ontario-Nord au d\u00e9but de la Premi\u00e8re Guerre mondiale. Il a organis\u00e9 et mobilis\u00e9 le 116e bataillon (comt\u00e9 d\u2019Ontario), qu\u2019il a command\u00e9 pendant ses op\u00e9rations sur le terrain de f\u00e9vrier 1917 \u00e0 d\u00e9cembre 1917. Le lieutenant-colonel Sharpe et son unit\u00e9 ont \u00e9t\u00e9 maintenus en r\u00e9serve pour l\u2019assaut de la cr\u00eate de Vimy et ont combattu \u00e0 la cote 70 et \u00e0 Passchendaele.<\/p>\n<p>Apr\u00e8s avoir subi des blessures psychologiques au front, il est retourn\u00e9 au Canada et s\u2019est suicid\u00e9 le 25 mai 1918 \u00e0 l\u2019H\u00f4pital Royal Victoria de Montr\u00e9al. Sa mort a attrist\u00e9 et choqu\u00e9<\/p>\n<p>les habitants d\u2019Uxbridge et du sud de l\u2019Ontario, o\u00f9 il \u00e9tait une personnalit\u00e9 publique et un leader communautaire bien connu. Comme l\u2019a d\u00e9clar\u00e9 le d\u00e9put\u00e9 John Currie, lui-m\u00eame v\u00e9t\u00e9ran de la Grande Guerre, \u00e0 la Chambre des communes : \u00ab\u2009Aucun homme n\u2019aurait pu avoir un meilleur compagnon d\u2019armes que le regrett\u00e9 colonel Sharpe\u2009\u00bb (17 mars 1919).<\/p>\n<p>[\/et_pb_text][\/et_pb_column][\/et_pb_row][\/et_pb_section]<\/p>\n","protected":false},"excerpt":{"rendered":"<p>in englishAu nom de la contre-amirale (retrait\u00e9e) la s\u00e9natrice Rebecca Patterson et du colonel (retrait\u00e9) le d\u00e9put\u00e9 Alex Ruff, vous \u00eates invit\u00e9 \u00e0 :La treizi\u00e8me \u00e9dition du d\u00e9jeuner annuel Sam Sharpepour la sant\u00e9 mentale des v\u00e9t\u00e9ransMardi 5 mai 2026 7 h 30 &#8211; 9 h 30 HE\u00c9difice Sir John A Macdonald Pi\u00e8ce 100- Colline du [&hellip;]<\/p>\n","protected":false},"author":1,"featured_media":0,"parent":0,"menu_order":0,"comment_status":"closed","ping_status":"closed","template":"page-template-blank.php","meta":{"_et_pb_use_builder":"on","_et_pb_old_content":"","_et_gb_content_width":"","footnotes":"","_links_to":"","_links_to_target":""},"class_list":["post-60084","page","type-page","status-publish","hentry"],"_links":{"self":[{"href":"https:\/\/woundedwarriors.ca\/fr\/wp-json\/wp\/v2\/pages\/60084","targetHints":{"allow":["GET"]}}],"collection":[{"href":"https:\/\/woundedwarriors.ca\/fr\/wp-json\/wp\/v2\/pages"}],"about":[{"href":"https:\/\/woundedwarriors.ca\/fr\/wp-json\/wp\/v2\/types\/page"}],"author":[{"embeddable":true,"href":"https:\/\/woundedwarriors.ca\/fr\/wp-json\/wp\/v2\/users\/1"}],"replies":[{"embeddable":true,"href":"https:\/\/woundedwarriors.ca\/fr\/wp-json\/wp\/v2\/comments?post=60084"}],"version-history":[{"count":15,"href":"https:\/\/woundedwarriors.ca\/fr\/wp-json\/wp\/v2\/pages\/60084\/revisions"}],"predecessor-version":[{"id":60862,"href":"https:\/\/woundedwarriors.ca\/fr\/wp-json\/wp\/v2\/pages\/60084\/revisions\/60862"}],"wp:attachment":[{"href":"https:\/\/woundedwarriors.ca\/fr\/wp-json\/wp\/v2\/media?parent=60084"}],"curies":[{"name":"wp","href":"https:\/\/api.w.org\/{rel}","templated":true}]}}