{"id":52476,"date":"2025-01-09T19:58:51","date_gmt":"2025-01-09T19:58:51","guid":{"rendered":"https:\/\/woundedwarriors.ca\/conference-sur-la-sante-mentale-du-canada-atlantique\/"},"modified":"2025-08-21T19:03:21","modified_gmt":"2025-08-21T19:03:21","slug":"conference-sur-la-sante-mentale-du-canada-atlantique","status":"publish","type":"page","link":"https:\/\/woundedwarriors.ca\/fr\/conference-sur-la-sante-mentale-du-canada-atlantique\/","title":{"rendered":"Conf\u00e9rence sur la sant\u00e9 mentale du Canada atlantique"},"content":{"rendered":"<p>[et_pb_section fb_built=\u00a0\u00bb1&Prime; admin_label=\u00a0\u00bbIntro\u00a0\u00bb _builder_version=\u00a0\u00bb4.27.4&Prime; background_color=\u00a0\u00bb#FFFFFF\u00a0\u00bb inner_width_tablet=\u00a0\u00bb50px\u00a0\u00bb inner_max_width_tablet=\u00a0\u00bb50px\u00a0\u00bb custom_padding=\u00a0\u00bb0px||0px||true|false\u00a0\u00bb z_index_tablet=\u00a0\u00bb500&Prime; da_disable_devices=\u00a0\u00bboff|off|off\u00a0\u00bb box_shadow_horizontal_tablet=\u00a0\u00bb0px\u00a0\u00bb box_shadow_vertical_tablet=\u00a0\u00bb0px\u00a0\u00bb box_shadow_blur_tablet=\u00a0\u00bb40px\u00a0\u00bb box_shadow_spread_tablet=\u00a0\u00bb0px\u00a0\u00bb collapsed=\u00a0\u00bboff\u00a0\u00bb global_colors_info=\u00a0\u00bb{}\u00a0\u00bb da_is_popup=\u00a0\u00bboff\u00a0\u00bb da_exit_intent=\u00a0\u00bboff\u00a0\u00bb da_has_close=\u00a0\u00bbon\u00a0\u00bb da_alt_close=\u00a0\u00bboff\u00a0\u00bb da_dark_close=\u00a0\u00bboff\u00a0\u00bb da_not_modal=\u00a0\u00bbon\u00a0\u00bb da_is_singular=\u00a0\u00bboff\u00a0\u00bb da_with_loader=\u00a0\u00bboff\u00a0\u00bb da_has_shadow=\u00a0\u00bbon\u00a0\u00bb][et_pb_row make_equal=\u00a0\u00bbon\u00a0\u00bb _builder_version=\u00a0\u00bb4.27.4&Prime; background_color=\u00a0\u00bbrgba(4,56,81,0.07)\u00a0\u00bb max_width=\u00a0\u00bb100%\u00a0\u00bb custom_padding=\u00a0\u00bb10px||10px||false|false\u00a0\u00bb z_index_tablet=\u00a0\u00bb500&Prime; box_shadow_horizontal_tablet=\u00a0\u00bb0px\u00a0\u00bb box_shadow_vertical_tablet=\u00a0\u00bb0px\u00a0\u00bb box_shadow_blur_tablet=\u00a0\u00bb40px\u00a0\u00bb box_shadow_spread_tablet=\u00a0\u00bb0px\u00a0\u00bb global_colors_info=\u00a0\u00bb{}\u00a0\u00bb][et_pb_column type=\u00a0\u00bb4_4&Prime; _builder_version=\u00a0\u00bb4.16&Prime; background_enable_color=\u00a0\u00bboff\u00a0\u00bb custom_padding=\u00a0\u00bb||||false|false\u00a0\u00bb custom_padding_tablet=\u00a0\u00bb4%||4%||true|false\u00a0\u00bb custom_padding_phone=\u00a0\u00bb\u00a0\u00bb custom_padding_last_edited=\u00a0\u00bbon|desktop\u00a0\u00bb global_colors_info=\u00a0\u00bb{}\u00a0\u00bb custom_padding__hover=\u00a0\u00bb|||\u00a0\u00bb][et_pb_text disabled_on=\u00a0\u00bbon|on|on\u00a0\u00bb admin_label=\u00a0\u00bbMessage Banner\u00a0\u00bb _builder_version=\u00a0\u00bb4.27.4&Prime; _module_preset=\u00a0\u00bbdefault\u00a0\u00bb text_font=\u00a0\u00bb|||on|||||\u00a0\u00bb text_text_color=\u00a0\u00bb#FFFFFF\u00a0\u00bb text_font_size=\u00a0\u00bb40px\u00a0\u00bb text_line_height=\u00a0\u00bb1.2em\u00a0\u00bb background_color=\u00a0\u00bb#9E1723&Prime; transform_skew=\u00a0\u00bb-3deg|-3deg\u00a0\u00bb text_orientation=\u00a0\u00bbcenter\u00a0\u00bb custom_margin=\u00a0\u00bb2%||2%||true|false\u00a0\u00bb custom_padding=\u00a0\u00bb20px||20px||true|false\u00a0\u00bb hover_enabled=\u00a0\u00bb0&Prime; global_module=\u00a0\u00bb52928&Prime; saved_tabs=\u00a0\u00bball\u00a0\u00bb locked=\u00a0\u00bboff\u00a0\u00bb global_colors_info=\u00a0\u00bb{}\u00a0\u00bb sticky_enabled=\u00a0\u00bb0&Prime;]<\/p>\n<p><em><strong>Nous vous remercions de votre participation<\/strong><\/em><\/p>\n<p>[\/et_pb_text][et_pb_text admin_label=\u00a0\u00bbContent\u00a0\u00bb _builder_version=\u00a0\u00bb4.27.4&Prime; text_font=\u00a0\u00bbHind|300|||||||\u00a0\u00bb text_text_color=\u00a0\u00bb#181a1b\u00a0\u00bb text_font_size=\u00a0\u00bb24px\u00a0\u00bb header_font=\u00a0\u00bbOswald||||||||\u00a0\u00bb header_text_color=\u00a0\u00bb#fcfcfc\u00a0\u00bb header_2_font=\u00a0\u00bbHind|700|||||||\u00a0\u00bb header_2_text_align=\u00a0\u00bbleft\u00a0\u00bb header_2_text_color=\u00a0\u00bb#181a1b\u00a0\u00bb header_2_font_size=\u00a0\u00bb60px\u00a0\u00bb header_3_font=\u00a0\u00bb|700||on|||||\u00a0\u00bb header_3_text_color=\u00a0\u00bb#333333&Prime; header_3_font_size=\u00a0\u00bb38px\u00a0\u00bb background_size=\u00a0\u00bbinitial\u00a0\u00bb background_position=\u00a0\u00bbtop_left\u00a0\u00bb background_repeat=\u00a0\u00bbrepeat\u00a0\u00bb max_width=\u00a0\u00bb80%\u00a0\u00bb max_width_tablet=\u00a0\u00bb\u00a0\u00bb max_width_phone=\u00a0\u00bb100%\u00a0\u00bb max_width_last_edited=\u00a0\u00bbon|phone\u00a0\u00bb module_alignment=\u00a0\u00bbcenter\u00a0\u00bb custom_padding=\u00a0\u00bb50px|20px|50px|20px|true|false\u00a0\u00bb hover_enabled=\u00a0\u00bb0&Prime; text_font_size_tablet=\u00a0\u00bb20px\u00a0\u00bb text_font_size_phone=\u00a0\u00bb18px\u00a0\u00bb text_font_size_last_edited=\u00a0\u00bbon|phone\u00a0\u00bb header_2_font_size_tablet=\u00a0\u00bb60px\u00a0\u00bb header_2_font_size_phone=\u00a0\u00bb29px\u00a0\u00bb header_2_font_size_last_edited=\u00a0\u00bbon|phone\u00a0\u00bb z_index_tablet=\u00a0\u00bb500&Prime; text_text_shadow_horizontal_length_tablet=\u00a0\u00bb0px\u00a0\u00bb text_text_shadow_vertical_length_tablet=\u00a0\u00bb0px\u00a0\u00bb text_text_shadow_blur_strength_tablet=\u00a0\u00bb1px\u00a0\u00bb link_text_shadow_horizontal_length_tablet=\u00a0\u00bb0px\u00a0\u00bb link_text_shadow_vertical_length_tablet=\u00a0\u00bb0px\u00a0\u00bb link_text_shadow_blur_strength_tablet=\u00a0\u00bb1px\u00a0\u00bb ul_text_shadow_horizontal_length_tablet=\u00a0\u00bb0px\u00a0\u00bb ul_text_shadow_vertical_length_tablet=\u00a0\u00bb0px\u00a0\u00bb ul_text_shadow_blur_strength_tablet=\u00a0\u00bb1px\u00a0\u00bb ol_text_shadow_horizontal_length_tablet=\u00a0\u00bb0px\u00a0\u00bb ol_text_shadow_vertical_length_tablet=\u00a0\u00bb0px\u00a0\u00bb ol_text_shadow_blur_strength_tablet=\u00a0\u00bb1px\u00a0\u00bb quote_text_shadow_horizontal_length_tablet=\u00a0\u00bb0px\u00a0\u00bb quote_text_shadow_vertical_length_tablet=\u00a0\u00bb0px\u00a0\u00bb quote_text_shadow_blur_strength_tablet=\u00a0\u00bb1px\u00a0\u00bb header_text_shadow_horizontal_length_tablet=\u00a0\u00bb0px\u00a0\u00bb header_text_shadow_vertical_length_tablet=\u00a0\u00bb0px\u00a0\u00bb header_text_shadow_blur_strength_tablet=\u00a0\u00bb1px\u00a0\u00bb header_2_text_shadow_horizontal_length_tablet=\u00a0\u00bb0px\u00a0\u00bb header_2_text_shadow_vertical_length_tablet=\u00a0\u00bb0px\u00a0\u00bb header_2_text_shadow_blur_strength_tablet=\u00a0\u00bb1px\u00a0\u00bb header_3_text_shadow_horizontal_length_tablet=\u00a0\u00bb0px\u00a0\u00bb header_3_text_shadow_vertical_length_tablet=\u00a0\u00bb0px\u00a0\u00bb header_3_text_shadow_blur_strength_tablet=\u00a0\u00bb1px\u00a0\u00bb header_4_text_shadow_horizontal_length_tablet=\u00a0\u00bb0px\u00a0\u00bb header_4_text_shadow_vertical_length_tablet=\u00a0\u00bb0px\u00a0\u00bb header_4_text_shadow_blur_strength_tablet=\u00a0\u00bb1px\u00a0\u00bb header_5_text_shadow_horizontal_length_tablet=\u00a0\u00bb0px\u00a0\u00bb header_5_text_shadow_vertical_length_tablet=\u00a0\u00bb0px\u00a0\u00bb header_5_text_shadow_blur_strength_tablet=\u00a0\u00bb1px\u00a0\u00bb header_6_text_shadow_horizontal_length_tablet=\u00a0\u00bb0px\u00a0\u00bb header_6_text_shadow_vertical_length_tablet=\u00a0\u00bb0px\u00a0\u00bb header_6_text_shadow_blur_strength_tablet=\u00a0\u00bb1px\u00a0\u00bb box_shadow_horizontal_tablet=\u00a0\u00bb0px\u00a0\u00bb box_shadow_vertical_tablet=\u00a0\u00bb0px\u00a0\u00bb box_shadow_blur_tablet=\u00a0\u00bb40px\u00a0\u00bb box_shadow_spread_tablet=\u00a0\u00bb0px\u00a0\u00bb use_border_color=\u00a0\u00bboff\u00a0\u00bb border_color=\u00a0\u00bb#ffffff\u00a0\u00bb border_style=\u00a0\u00bbsolid\u00a0\u00bb global_colors_info=\u00a0\u00bb{}\u00a0\u00bb sticky_enabled=\u00a0\u00bb0&Prime;]<\/p>\n<h3>Aper\u00e7u de la conf\u00e9rence<\/h3>\n<p style=\"font-weight: 400;\">Trillium Health Partners\u2019 Insight Health Solutions et Wounded Warriors Canada ont le plaisir d\u2019annoncer la prochaine Conf\u00e9rence sur la sant\u00e9 mentale des premiers intervenants de l\u2019Atlantique 2025.<\/p>\n<p style=\"font-weight: 400;\">S\u2019appuyant sur le succ\u00e8s des deux congr\u00e8s en Ontario et de celui en Alberta, chacun ayant atteint sa pleine capacit\u00e9, et reconnaissant un \u00e9cart similaire dans le domain des premiers intervenants dans les provinces atlantiques, cet \u00e9v\u00e9nement est pr\u00e9vu \u00e0 Moncton incluent une r\u00e9ception en soir\u00e9e le lundi 2 juin 2025, suivie d\u2019une journ\u00e9e compl\u00e8te de conf\u00e9rence le mardi 3 juin 2025. Les conf\u00e9rences pr\u00e9c\u00e9dentes ont \u00e9t\u00e9 salu\u00e9es pour leur contenu exceptionnel, leurs conf\u00e9renciers de haut calibre, leur professionnalisme, leur organisation et en faite une exp\u00e9rience globale bien appr\u00e9ci\u00e9e. <\/p>\n<p style=\"font-weight: 400;\">La conf\u00e9rence, une premi\u00e8re du genre dans l\u2019est du Canada, r\u00e9unira des repr\u00e9sentants de l\u2019ensemble du secteur de la s\u00e9curit\u00e9 publique et offrira une excellente occasion d\u2019en apprendre davantage sur les meilleures pratiques li\u00e9es \u00e0 la recherche, \u00e0 la formation, aux interventions cliniques, aux soutiens organisationnels et aux soins individuels et au niveau familiale.<\/p>\n<h3>QUI DEVRAIT Y ASSISTER ?<\/h3>\n<p>Cette conf\u00e9rence vise \u00e0 rassembler un public diversifi\u00e9, incluant les premiers intervenants, les dirigeants et les repr\u00e9sentants des organisations, associations et syndicats de premiers intervenants, les professionnels de la sant\u00e9, les gestionnaires de cas d\u2019invalidit\u00e9, les prestataires de services de r\u00e9adaptation, les employeurs, les chercheurs, les organisations de soutien par les pairs, les organismes d\u2019indemnisation des accidents du travail, les assureurs et tous ceux qui se consacrent \u00e0 l\u2019am\u00e9lioration de la sant\u00e9 mentale et du bien-\u00eatre des premiers intervenants et de leurs familles.<\/p>\n<p>[\/et_pb_text][\/et_pb_column][\/et_pb_row][\/et_pb_section][et_pb_section fb_built=\u00a0\u00bb1&Prime; admin_label=\u00a0\u00bbIntro\u00a0\u00bb _builder_version=\u00a0\u00bb4.27.4&Prime; background_color=\u00a0\u00bb#FFFFFF\u00a0\u00bb inner_width_tablet=\u00a0\u00bb50px\u00a0\u00bb inner_max_width_tablet=\u00a0\u00bb50px\u00a0\u00bb custom_padding=\u00a0\u00bb0px||0px||true|false\u00a0\u00bb z_index_tablet=\u00a0\u00bb500&Prime; da_disable_devices=\u00a0\u00bboff|off|off\u00a0\u00bb box_shadow_horizontal_tablet=\u00a0\u00bb0px\u00a0\u00bb box_shadow_vertical_tablet=\u00a0\u00bb0px\u00a0\u00bb box_shadow_blur_tablet=\u00a0\u00bb40px\u00a0\u00bb box_shadow_spread_tablet=\u00a0\u00bb0px\u00a0\u00bb collapsed=\u00a0\u00bboff\u00a0\u00bb global_colors_info=\u00a0\u00bb{}\u00a0\u00bb da_is_popup=\u00a0\u00bboff\u00a0\u00bb da_exit_intent=\u00a0\u00bboff\u00a0\u00bb da_has_close=\u00a0\u00bbon\u00a0\u00bb da_alt_close=\u00a0\u00bboff\u00a0\u00bb da_dark_close=\u00a0\u00bboff\u00a0\u00bb da_not_modal=\u00a0\u00bbon\u00a0\u00bb da_is_singular=\u00a0\u00bboff\u00a0\u00bb da_with_loader=\u00a0\u00bboff\u00a0\u00bb da_has_shadow=\u00a0\u00bbon\u00a0\u00bb][et_pb_row make_equal=\u00a0\u00bbon\u00a0\u00bb _builder_version=\u00a0\u00bb4.27.4&Prime; max_width=\u00a0\u00bb100%\u00a0\u00bb custom_padding=\u00a0\u00bb10px||10px||true|false\u00a0\u00bb z_index_tablet=\u00a0\u00bb500&Prime; box_shadow_horizontal_tablet=\u00a0\u00bb0px\u00a0\u00bb box_shadow_vertical_tablet=\u00a0\u00bb0px\u00a0\u00bb box_shadow_blur_tablet=\u00a0\u00bb40px\u00a0\u00bb box_shadow_spread_tablet=\u00a0\u00bb0px\u00a0\u00bb global_colors_info=\u00a0\u00bb{}\u00a0\u00bb][et_pb_column type=\u00a0\u00bb4_4&Prime; _builder_version=\u00a0\u00bb4.16&Prime; background_enable_color=\u00a0\u00bboff\u00a0\u00bb custom_padding=\u00a0\u00bb||||false|false\u00a0\u00bb custom_padding_tablet=\u00a0\u00bb4%||4%||true|false\u00a0\u00bb custom_padding_phone=\u00a0\u00bb\u00a0\u00bb custom_padding_last_edited=\u00a0\u00bbon|desktop\u00a0\u00bb global_colors_info=\u00a0\u00bb{}\u00a0\u00bb custom_padding__hover=\u00a0\u00bb|||\u00a0\u00bb][et_pb_text admin_label=\u00a0\u00bbContent\u00a0\u00bb _builder_version=\u00a0\u00bb4.27.4&Prime; text_font=\u00a0\u00bbHind|300|||||||\u00a0\u00bb text_text_color=\u00a0\u00bb#181a1b\u00a0\u00bb text_font_size=\u00a0\u00bb24px\u00a0\u00bb header_font=\u00a0\u00bbOswald||||||||\u00a0\u00bb header_text_color=\u00a0\u00bb#fcfcfc\u00a0\u00bb header_2_font=\u00a0\u00bbHind|700|||||||\u00a0\u00bb header_2_text_align=\u00a0\u00bbleft\u00a0\u00bb header_2_text_color=\u00a0\u00bb#181a1b\u00a0\u00bb header_2_font_size=\u00a0\u00bb60px\u00a0\u00bb header_3_font=\u00a0\u00bb|700||on|||||\u00a0\u00bb header_3_text_color=\u00a0\u00bb#333333&Prime; header_3_font_size=\u00a0\u00bb38px\u00a0\u00bb background_size=\u00a0\u00bbinitial\u00a0\u00bb background_position=\u00a0\u00bbtop_left\u00a0\u00bb background_repeat=\u00a0\u00bbrepeat\u00a0\u00bb max_width=\u00a0\u00bb80%\u00a0\u00bb max_width_tablet=\u00a0\u00bb\u00a0\u00bb max_width_phone=\u00a0\u00bb100%\u00a0\u00bb max_width_last_edited=\u00a0\u00bbon|phone\u00a0\u00bb module_alignment=\u00a0\u00bbcenter\u00a0\u00bb custom_padding=\u00a0\u00bb50px|20px|50px|20px|true|false\u00a0\u00bb text_font_size_tablet=\u00a0\u00bb20px\u00a0\u00bb text_font_size_phone=\u00a0\u00bb18px\u00a0\u00bb text_font_size_last_edited=\u00a0\u00bbon|phone\u00a0\u00bb header_2_font_size_tablet=\u00a0\u00bb60px\u00a0\u00bb header_2_font_size_phone=\u00a0\u00bb29px\u00a0\u00bb header_2_font_size_last_edited=\u00a0\u00bbon|phone\u00a0\u00bb z_index_tablet=\u00a0\u00bb500&Prime; text_text_shadow_horizontal_length_tablet=\u00a0\u00bb0px\u00a0\u00bb text_text_shadow_vertical_length_tablet=\u00a0\u00bb0px\u00a0\u00bb text_text_shadow_blur_strength_tablet=\u00a0\u00bb1px\u00a0\u00bb link_text_shadow_horizontal_length_tablet=\u00a0\u00bb0px\u00a0\u00bb link_text_shadow_vertical_length_tablet=\u00a0\u00bb0px\u00a0\u00bb link_text_shadow_blur_strength_tablet=\u00a0\u00bb1px\u00a0\u00bb ul_text_shadow_horizontal_length_tablet=\u00a0\u00bb0px\u00a0\u00bb ul_text_shadow_vertical_length_tablet=\u00a0\u00bb0px\u00a0\u00bb ul_text_shadow_blur_strength_tablet=\u00a0\u00bb1px\u00a0\u00bb ol_text_shadow_horizontal_length_tablet=\u00a0\u00bb0px\u00a0\u00bb ol_text_shadow_vertical_length_tablet=\u00a0\u00bb0px\u00a0\u00bb ol_text_shadow_blur_strength_tablet=\u00a0\u00bb1px\u00a0\u00bb quote_text_shadow_horizontal_length_tablet=\u00a0\u00bb0px\u00a0\u00bb quote_text_shadow_vertical_length_tablet=\u00a0\u00bb0px\u00a0\u00bb quote_text_shadow_blur_strength_tablet=\u00a0\u00bb1px\u00a0\u00bb header_text_shadow_horizontal_length_tablet=\u00a0\u00bb0px\u00a0\u00bb header_text_shadow_vertical_length_tablet=\u00a0\u00bb0px\u00a0\u00bb header_text_shadow_blur_strength_tablet=\u00a0\u00bb1px\u00a0\u00bb header_2_text_shadow_horizontal_length_tablet=\u00a0\u00bb0px\u00a0\u00bb header_2_text_shadow_vertical_length_tablet=\u00a0\u00bb0px\u00a0\u00bb header_2_text_shadow_blur_strength_tablet=\u00a0\u00bb1px\u00a0\u00bb header_3_text_shadow_horizontal_length_tablet=\u00a0\u00bb0px\u00a0\u00bb header_3_text_shadow_vertical_length_tablet=\u00a0\u00bb0px\u00a0\u00bb header_3_text_shadow_blur_strength_tablet=\u00a0\u00bb1px\u00a0\u00bb header_4_text_shadow_horizontal_length_tablet=\u00a0\u00bb0px\u00a0\u00bb header_4_text_shadow_vertical_length_tablet=\u00a0\u00bb0px\u00a0\u00bb header_4_text_shadow_blur_strength_tablet=\u00a0\u00bb1px\u00a0\u00bb header_5_text_shadow_horizontal_length_tablet=\u00a0\u00bb0px\u00a0\u00bb header_5_text_shadow_vertical_length_tablet=\u00a0\u00bb0px\u00a0\u00bb header_5_text_shadow_blur_strength_tablet=\u00a0\u00bb1px\u00a0\u00bb header_6_text_shadow_horizontal_length_tablet=\u00a0\u00bb0px\u00a0\u00bb header_6_text_shadow_vertical_length_tablet=\u00a0\u00bb0px\u00a0\u00bb header_6_text_shadow_blur_strength_tablet=\u00a0\u00bb1px\u00a0\u00bb box_shadow_horizontal_tablet=\u00a0\u00bb0px\u00a0\u00bb box_shadow_vertical_tablet=\u00a0\u00bb0px\u00a0\u00bb box_shadow_blur_tablet=\u00a0\u00bb40px\u00a0\u00bb box_shadow_spread_tablet=\u00a0\u00bb0px\u00a0\u00bb use_border_color=\u00a0\u00bboff\u00a0\u00bb border_color=\u00a0\u00bb#ffffff\u00a0\u00bb border_style=\u00a0\u00bbsolid\u00a0\u00bb global_colors_info=\u00a0\u00bb{}\u00a0\u00bb]<\/p>\n<section id=\"content\">\n<div id=\"content-middle\">\n<div class=\"panel panel-default\">\n<div class=\"panel-body\">\n<div class=\"row\">\n<div class=\"col-sm-9\">\n<div class=\"text-content\">\n<h3>Organisateurs de la conf\u00e9rence<\/h3>\n<p><strong>Trillium Health Partners \u2013 Insight Health Solutions<br \/><\/strong>Un nouveau type de soins de sant\u00e9 pour une communaut\u00e9 plus saine.<\/p>\n<p>Insight Health Solutions, une division de Trillium Health Partners, fournit des services de gestion d&rsquo;invalidit\u00e9 tiers aux r\u00e9sidents de l&rsquo;Ontario, directement et par le biais de partenariats, y compris des services de t\u00e9l\u00e9sant\u00e9 s\u00e9curis\u00e9s. En tant que fournisseur de soins \u00e0 spectre complet, Solutions de sant\u00e9 Insight offre la gestion d&rsquo;invalidit\u00e9, des \u00e9valuations compl\u00e8tes et des traitements interdisciplinaires fond\u00e9s sur des preuves pour un large \u00e9ventail de conditions de sant\u00e9 physique et mentale, l&rsquo;imagerie diagnostique, la chirurgie acc\u00e9l\u00e9r\u00e9e et des programmes de pr\u00e9vention. L&rsquo;\u00e9quipe interprofessionnelle de m\u00e9decins et de professionnels de sant\u00e9 alli\u00e9s d&rsquo;Insight Health Solutions \u00ab travaille en collaboration pour s&rsquo;assurer que les clients re\u00e7oivent les soins appropri\u00e9s au bon moment. Les clients d&rsquo;Insight Health Solutions \u00bb comprennent la Commission de la s\u00e9curit\u00e9 professionnelle et de l&rsquo;assurance contre les accidents du travail, les assureurs automobiles, les assureurs d&rsquo;invalidit\u00e9 de courte et de longue dur\u00e9e, les employeurs et les clients priv\u00e9s. <\/p>\n<p>En accord avec la Commission de la s\u00e9curit\u00e9 professionnelle et de l&rsquo;assurance contre les accidents du travail, Insight Health Solutions propose un programme sp\u00e9cialis\u00e9 d&rsquo;\u00e9valuation et de traitement de la sant\u00e9 mentale pour les premiers intervenants. Ce programme pilote offre un traitement de sant\u00e9 mentale par paliers, comprenant des soins r\u00e9sidentiels, des services en personne et virtuels, une coordination du retour au travail, une r\u00e9activation physique et des services de suivi adapt\u00e9s aux besoins des premiers intervenants. <\/p>\n<p>Visitez le site web de Trillium Health Partners, <a href=\"https:\/\/www.insighthealthsolutions.com\/\" target=\"_blank\" rel=\"noopener\">Insight Health Solutions<\/a> pour plus d&rsquo;informations.<\/p>\n<p><strong>Wounded Warriors Canada<\/strong><\/p>\n<p>Aider les v\u00e9t\u00e9rans, les premiers intervenants du Canada et leurs familles \u00e0 se sentir en s\u00e9curit\u00e9, soutenus et compris.<\/p>\n<p>Wounded Warriors Canada est un prestataire national de services de sant\u00e9 mentale offrant une gamme de programmes cliniquement facilit\u00e9s et culturellement appropri\u00e9s qui r\u00e9pondent aux besoins uniques et complexes en mati\u00e8re de sant\u00e9 mentale des v\u00e9t\u00e9rans, des premiers intervenants et de leurs familles. Les programmes offerts par Wounded Warriors apportent un soutien aux individus, aux couples, aux conjoints survivants et aux enfants de ceux qui servent ou ont servi notre pays et nos communaut\u00e9s. Wounded Warriors propose une formation de pointe sur les pratiques tenant compte des traumatismes, con\u00e7ue pour faire de la gestion de l&rsquo;exposition aux traumatismes une nouvelle norme pour les membres des services en uniforme. Ces programmes comprennent Before Operational Stress, Trauma-Informed Practice, Trauma Resiliency Training, Peer Support Training et Introduction to Trauma Exposed Professionals.   <\/p>\n<\/div>\n<\/div>\n<\/div>\n<\/div>\n<\/div>\n<\/div>\n<\/section>\n<p>[\/et_pb_text][\/et_pb_column][\/et_pb_row][\/et_pb_section]<\/p>\n","protected":false},"excerpt":{"rendered":"<p>Nous vous remercions de votre participationAper\u00e7u de la conf\u00e9rence Trillium Health Partners\u2019 Insight Health Solutions et Wounded Warriors Canada ont le plaisir d\u2019annoncer la prochaine Conf\u00e9rence sur la sant\u00e9 mentale des premiers intervenants de l\u2019Atlantique 2025. S\u2019appuyant sur le succ\u00e8s des deux congr\u00e8s en Ontario et de celui en Alberta, chacun ayant atteint sa pleine [&hellip;]<\/p>\n","protected":false},"author":1,"featured_media":0,"parent":0,"menu_order":5,"comment_status":"closed","ping_status":"closed","template":"page-template-blank.php","meta":{"_et_pb_use_builder":"on","_et_pb_old_content":"","_et_gb_content_width":"","footnotes":"","_links_to":"","_links_to_target":""},"class_list":["post-52476","page","type-page","status-publish","hentry"],"_links":{"self":[{"href":"https:\/\/woundedwarriors.ca\/fr\/wp-json\/wp\/v2\/pages\/52476","targetHints":{"allow":["GET"]}}],"collection":[{"href":"https:\/\/woundedwarriors.ca\/fr\/wp-json\/wp\/v2\/pages"}],"about":[{"href":"https:\/\/woundedwarriors.ca\/fr\/wp-json\/wp\/v2\/types\/page"}],"author":[{"embeddable":true,"href":"https:\/\/woundedwarriors.ca\/fr\/wp-json\/wp\/v2\/users\/1"}],"replies":[{"embeddable":true,"href":"https:\/\/woundedwarriors.ca\/fr\/wp-json\/wp\/v2\/comments?post=52476"}],"version-history":[{"count":21,"href":"https:\/\/woundedwarriors.ca\/fr\/wp-json\/wp\/v2\/pages\/52476\/revisions"}],"predecessor-version":[{"id":55676,"href":"https:\/\/woundedwarriors.ca\/fr\/wp-json\/wp\/v2\/pages\/52476\/revisions\/55676"}],"wp:attachment":[{"href":"https:\/\/woundedwarriors.ca\/fr\/wp-json\/wp\/v2\/media?parent=52476"}],"curies":[{"name":"wp","href":"https:\/\/api.w.org\/{rel}","templated":true}]}}