{"id":31471,"date":"2020-07-13T01:19:55","date_gmt":"2020-07-13T01:19:55","guid":{"rendered":"http:\/\/staging.wwc.flywheelsites.com\/?page_id=31471"},"modified":"2021-08-12T17:07:05","modified_gmt":"2021-08-12T17:07:05","slug":"richard-martin","status":"publish","type":"page","link":"https:\/\/woundedwarriors.ca\/fr\/a-propos-de-wwc\/richard-martin\/","title":{"rendered":"Richard Martin"},"content":{"rendered":"<p>[et_pb_section fb_built=\u00a0\u00bb1&Prime; disabled_on=\u00a0\u00bboff|off|off\u00a0\u00bb admin_label=\u00a0\u00bbNAME & TITLE\u00a0\u00bb module_id=\u00a0\u00bbboard\u00a0\u00bb _builder_version=\u00a0\u00bb4.4.9&Prime; background_color=\u00a0\u00bb#e9eaeb\u00a0\u00bb parallax=\u00a0\u00bbon\u00a0\u00bb inner_width_tablet=\u00a0\u00bb50px\u00a0\u00bb inner_max_width_tablet=\u00a0\u00bb50px\u00a0\u00bb custom_padding=\u00a0\u00bb||5px||false|false\u00a0\u00bb z_index_tablet=\u00a0\u00bb500&Prime; da_popup_slug=\u00a0\u00bbboard\u00a0\u00bb da_disable_devices=\u00a0\u00bboff|off|off\u00a0\u00bb box_shadow_horizontal_tablet=\u00a0\u00bb0px\u00a0\u00bb box_shadow_vertical_tablet=\u00a0\u00bb0px\u00a0\u00bb box_shadow_blur_tablet=\u00a0\u00bb40px\u00a0\u00bb box_shadow_spread_tablet=\u00a0\u00bb0px\u00a0\u00bb collapsed=\u00a0\u00bboff\u00a0\u00bb da_is_popup=\u00a0\u00bboff\u00a0\u00bb da_exit_intent=\u00a0\u00bboff\u00a0\u00bb da_has_close=\u00a0\u00bbon\u00a0\u00bb da_alt_close=\u00a0\u00bboff\u00a0\u00bb da_dark_close=\u00a0\u00bboff\u00a0\u00bb da_not_modal=\u00a0\u00bbon\u00a0\u00bb da_is_singular=\u00a0\u00bboff\u00a0\u00bb da_with_loader=\u00a0\u00bboff\u00a0\u00bb da_has_shadow=\u00a0\u00bbon\u00a0\u00bb][et_pb_row column_structure=\u00a0\u00bb1_3,1_3,1_3&Prime; use_custom_gutter=\u00a0\u00bbon\u00a0\u00bb gutter_width=\u00a0\u00bb1&Prime; make_equal=\u00a0\u00bbon\u00a0\u00bb module_class=\u00a0\u00bbpeople\u00a0\u00bb _builder_version=\u00a0\u00bb4.4.9&Prime; background_size=\u00a0\u00bbinitial\u00a0\u00bb background_position=\u00a0\u00bbtop_left\u00a0\u00bb background_repeat=\u00a0\u00bbrepeat\u00a0\u00bb width=\u00a0\u00bb90%\u00a0\u00bb width_phone=\u00a0\u00bb50px\u00a0\u00bb max_width=\u00a0\u00bb100%\u00a0\u00bb max_width_phone=\u00a0\u00bb1280px\u00a0\u00bb module_alignment=\u00a0\u00bbcenter\u00a0\u00bb custom_padding=\u00a0\u00bb0px||33px|||\u00a0\u00bb z_index_tablet=\u00a0\u00bb500&Prime; box_shadow_horizontal_tablet=\u00a0\u00bb0px\u00a0\u00bb box_shadow_vertical_tablet=\u00a0\u00bb0px\u00a0\u00bb box_shadow_blur_tablet=\u00a0\u00bb40px\u00a0\u00bb box_shadow_spread_tablet=\u00a0\u00bb0px\u00a0\u00bb locked=\u00a0\u00bboff\u00a0\u00bb collapsed=\u00a0\u00bboff\u00a0\u00bb][et_pb_column type=\u00a0\u00bb1_3&Prime; _builder_version=\u00a0\u00bb4.4.5&Prime; custom_padding=\u00a0\u00bb|||\u00a0\u00bb custom_padding__hover=\u00a0\u00bb|||\u00a0\u00bb][et_pb_blurb image=\u00a0\u00bbhttps:\/\/woundedwarriors.ca\/wp-content\/uploads\/2019\/05\/Richard-Martin-1.jpg\u00a0\u00bb admin_label=\u00a0\u00bbRichard Martin\u00a0\u00bb module_class=\u00a0\u00bbteam-clinical\u00a0\u00bb _builder_version=\u00a0\u00bb4.7.4&Prime; header_font=\u00a0\u00bbHind|700|||||||\u00a0\u00bb header_text_color=\u00a0\u00bb#ffffff\u00a0\u00bb header_font_size=\u00a0\u00bb25px\u00a0\u00bb header_letter_spacing=\u00a0\u00bb1px\u00a0\u00bb body_line_height=\u00a0\u00bb1.2em\u00a0\u00bb link_option_url=\u00a0\u00bb\/about-wwc\/richard-martin\/\u00a0\u00bb][\/et_pb_blurb][\/et_pb_column][et_pb_column type=\u00a0\u00bb1_3&Prime; _builder_version=\u00a0\u00bb4.4.9&Prime; background_color=\u00a0\u00bb#003e5b\u00a0\u00bb custom_padding=\u00a0\u00bb|||\u00a0\u00bb custom_padding__hover=\u00a0\u00bb|||\u00a0\u00bb][et_pb_text _builder_version=\u00a0\u00bb4.4.9&Prime; text_font_size=\u00a0\u00bb17px\u00a0\u00bb header_2_font=\u00a0\u00bb|700|||||||\u00a0\u00bb header_2_text_color=\u00a0\u00bb#ffffff\u00a0\u00bb header_2_font_size=\u00a0\u00bb30px\u00a0\u00bb custom_padding=\u00a0\u00bb|||40px||\u00a0\u00bb]<\/p>\n<h2>Richard Martin, Chairman<\/h2>\n<p>N\u00e9 \u00e0 Simcoe, en Ontario, Richard passait ses \u00e9t\u00e9s \u00e0 travailler sur la ferme laiti\u00e8re de son oncle de m\u00eame que sur diff\u00e9rentes fermes locales. Il \u00e9tait tr\u00e8s sportif et a \u00e9tabli des records en athl\u00e9tisme \u00e0 l\u2019\u00e9cole secondaire Simcoe Composite et a re\u00e7u le prix du joueur le plus utile au basketball.<\/p>\n<p>Richard s\u2019est inscrit \u00e0 l\u2019Universit\u00e9 de Carleton et a \u00e9tudi\u00e9 le droit et la philosophie et a jou\u00e9 au basketball pour l\u2019universit\u00e9. Apr\u00e8s deux ans d\u2019\u00e9tudes de premier cycle, il a ensuite \u00e9tudi\u00e9 le droit \u00e0 la Osgoode Hall Law School tout en jouant au basketball pour l\u2019\u00e9cole de droit aux National Law School Games (Jeux nationaux de l\u2019\u00e9cole de droit).<\/p>\n<p>[\/et_pb_text][\/et_pb_column][et_pb_column type=\u00a0\u00bb1_3&Prime; _builder_version=\u00a0\u00bb4.4.9&Prime; background_color=\u00a0\u00bb#003e5b\u00a0\u00bb custom_padding=\u00a0\u00bb|||\u00a0\u00bb custom_padding__hover=\u00a0\u00bb|||\u00a0\u00bb][et_pb_text _builder_version=\u00a0\u00bb4.4.9&Prime; custom_padding=\u00a0\u00bb|||141px||\u00a0\u00bb]<\/p>\n<p>D\u00e8s l\u2019obtention de son dipl\u00f4me, Richard est pass\u00e9 \u00e0 la pratique priv\u00e9e, se sp\u00e9cialisant dans la d\u00e9fense p\u00e9nale dans la ville de Toronto. Dans les ann\u00e9es qui suivirent, il a ajout\u00e9 les litiges relatifs \u00e0 la propri\u00e9t\u00e9 intellectuelle \u00e0 son r\u00e9pertoire. Richard a comparu dans les tribunaux \u00e0 travers le Canada et au niveau international.<\/p>\n<p>Durant cette p\u00e9riode, il est \u00e9galement devenu membre d\u2019ACTRA \u00e0 titre d\u2019acteur du petit \u00e9cran. Maintenant \u00e0 la retraite en tant qu\u2019avocat plaidant, Richard consacre son temps ailleurs; s\u2019impliquant aupr\u00e8s de AMI (Accessible Media Inc.), diffusant des empreintes vocales et travaillant \u00e0 titre d\u2019artiste vocal professionnel, de m\u00eame qu\u2019en s\u2019impliquant dans la Journ\u00e9e du droit dans diff\u00e9rentes \u00e9coles secondaires et travaillant aupr\u00e8s des enfants plus jeunes, les aidant \u00e0 d\u00e9velopper leurs comp\u00e9tences en lecture et en cr\u00e9ation litt\u00e9raire.<\/p>\n<p>[\/et_pb_text][\/et_pb_column][\/et_pb_row][et_pb_row _builder_version=\u00a0\u00bb4.4.9&Prime; custom_padding=\u00a0\u00bb1px||15px|||\u00a0\u00bb][et_pb_column type=\u00a0\u00bb4_4&Prime; _builder_version=\u00a0\u00bb4.4.9&Prime;][et_pb_button button_url=\u00a0\u00bb\/fr\/a-propos-de-wwc\/\u00a0\u00bb button_text=\u00a0\u00bbRETOUR\u00a0\u00bb button_alignment=\u00a0\u00bbcenter\u00a0\u00bb button_alignment_tablet=\u00a0\u00bb\u00a0\u00bb button_alignment_phone=\u00a0\u00bb\u00a0\u00bb button_alignment_last_edited=\u00a0\u00bbon|desktop\u00a0\u00bb _builder_version=\u00a0\u00bb4.9.10&Prime; custom_button=\u00a0\u00bbon\u00a0\u00bb button_text_color=\u00a0\u00bb#ffffff\u00a0\u00bb button_bg_color=\u00a0\u00bb#9e1723&Prime; button_font=\u00a0\u00bbHind|600|||||||\u00a0\u00bb button_icon=\u00a0\u00bb%%19%%\u00a0\u00bb button_icon_color=\u00a0\u00bb#ffffff\u00a0\u00bb button_icon_placement=\u00a0\u00bbleft\u00a0\u00bb custom_padding=\u00a0\u00bb10px||||false|false\u00a0\u00bb hover_enabled=\u00a0\u00bb0&Prime; sticky_enabled=\u00a0\u00bb0&Prime;][\/et_pb_button][\/et_pb_column][\/et_pb_row][\/et_pb_section]<\/p>\n","protected":false},"excerpt":{"rendered":"<p>Richard Martin, Chairman N\u00e9 \u00e0 Simcoe, en Ontario, Richard passait ses \u00e9t\u00e9s \u00e0 travailler sur la ferme laiti\u00e8re de son oncle de m\u00eame que sur diff\u00e9rentes fermes locales. Il \u00e9tait tr\u00e8s sportif et a \u00e9tabli des records en athl\u00e9tisme \u00e0 l\u2019\u00e9cole secondaire Simcoe Composite et a re\u00e7u le prix du joueur le plus utile au [&hellip;]<\/p>\n","protected":false},"author":1,"featured_media":0,"parent":12290,"menu_order":12,"comment_status":"closed","ping_status":"closed","template":"","meta":{"_et_pb_use_builder":"on","_et_pb_old_content":"","_et_gb_content_width":"","footnotes":"","_links_to":"","_links_to_target":""},"class_list":["post-31471","page","type-page","status-publish","hentry"],"_links":{"self":[{"href":"https:\/\/woundedwarriors.ca\/fr\/wp-json\/wp\/v2\/pages\/31471","targetHints":{"allow":["GET"]}}],"collection":[{"href":"https:\/\/woundedwarriors.ca\/fr\/wp-json\/wp\/v2\/pages"}],"about":[{"href":"https:\/\/woundedwarriors.ca\/fr\/wp-json\/wp\/v2\/types\/page"}],"author":[{"embeddable":true,"href":"https:\/\/woundedwarriors.ca\/fr\/wp-json\/wp\/v2\/users\/1"}],"replies":[{"embeddable":true,"href":"https:\/\/woundedwarriors.ca\/fr\/wp-json\/wp\/v2\/comments?post=31471"}],"version-history":[{"count":7,"href":"https:\/\/woundedwarriors.ca\/fr\/wp-json\/wp\/v2\/pages\/31471\/revisions"}],"predecessor-version":[{"id":37801,"href":"https:\/\/woundedwarriors.ca\/fr\/wp-json\/wp\/v2\/pages\/31471\/revisions\/37801"}],"up":[{"embeddable":true,"href":"https:\/\/woundedwarriors.ca\/fr\/wp-json\/wp\/v2\/pages\/12290"}],"wp:attachment":[{"href":"https:\/\/woundedwarriors.ca\/fr\/wp-json\/wp\/v2\/media?parent=31471"}],"curies":[{"name":"wp","href":"https:\/\/api.w.org\/{rel}","templated":true}]}}