{"id":12442,"date":"2019-05-28T14:59:29","date_gmt":"2019-05-28T14:59:29","guid":{"rendered":"https:\/\/woundedwarriors.ca\/a-propos\/scott-maxwell\/"},"modified":"2021-08-12T17:26:53","modified_gmt":"2021-08-12T17:26:53","slug":"scott-maxwell","status":"publish","type":"page","link":"https:\/\/woundedwarriors.ca\/fr\/a-propos-de-wwc\/scott-maxwell\/","title":{"rendered":"Scott Maxwell"},"content":{"rendered":"<p>[et_pb_section fb_built=\u00a0\u00bb1&Prime; disabled_on=\u00a0\u00bboff|off|off\u00a0\u00bb admin_label=\u00a0\u00bbNAME & TITLE\u00a0\u00bb module_id=\u00a0\u00bbboard\u00a0\u00bb _builder_version=\u00a0\u00bb4.4.9&Prime; background_color=\u00a0\u00bb#e9eaeb\u00a0\u00bb parallax=\u00a0\u00bbon\u00a0\u00bb inner_width_tablet=\u00a0\u00bb50px\u00a0\u00bb inner_max_width_tablet=\u00a0\u00bb50px\u00a0\u00bb custom_padding=\u00a0\u00bb||5px||false|false\u00a0\u00bb z_index_tablet=\u00a0\u00bb500&Prime; da_popup_slug=\u00a0\u00bbboard\u00a0\u00bb da_disable_devices=\u00a0\u00bboff|off|off\u00a0\u00bb box_shadow_horizontal_tablet=\u00a0\u00bb0px\u00a0\u00bb box_shadow_vertical_tablet=\u00a0\u00bb0px\u00a0\u00bb box_shadow_blur_tablet=\u00a0\u00bb40px\u00a0\u00bb box_shadow_spread_tablet=\u00a0\u00bb0px\u00a0\u00bb collapsed=\u00a0\u00bboff\u00a0\u00bb da_is_popup=\u00a0\u00bboff\u00a0\u00bb da_exit_intent=\u00a0\u00bboff\u00a0\u00bb da_has_close=\u00a0\u00bbon\u00a0\u00bb da_alt_close=\u00a0\u00bboff\u00a0\u00bb da_dark_close=\u00a0\u00bboff\u00a0\u00bb da_not_modal=\u00a0\u00bbon\u00a0\u00bb da_is_singular=\u00a0\u00bboff\u00a0\u00bb da_with_loader=\u00a0\u00bboff\u00a0\u00bb da_has_shadow=\u00a0\u00bbon\u00a0\u00bb][et_pb_row column_structure=\u00a0\u00bb1_3,1_3,1_3&Prime; use_custom_gutter=\u00a0\u00bbon\u00a0\u00bb gutter_width=\u00a0\u00bb1&Prime; make_equal=\u00a0\u00bbon\u00a0\u00bb module_class=\u00a0\u00bbpeople\u00a0\u00bb _builder_version=\u00a0\u00bb4.4.9&Prime; background_size=\u00a0\u00bbinitial\u00a0\u00bb background_position=\u00a0\u00bbtop_left\u00a0\u00bb background_repeat=\u00a0\u00bbrepeat\u00a0\u00bb width=\u00a0\u00bb90%\u00a0\u00bb width_phone=\u00a0\u00bb50px\u00a0\u00bb max_width=\u00a0\u00bb100%\u00a0\u00bb max_width_phone=\u00a0\u00bb1280px\u00a0\u00bb module_alignment=\u00a0\u00bbcenter\u00a0\u00bb custom_padding=\u00a0\u00bb0px||33px|||\u00a0\u00bb z_index_tablet=\u00a0\u00bb500&Prime; box_shadow_horizontal_tablet=\u00a0\u00bb0px\u00a0\u00bb box_shadow_vertical_tablet=\u00a0\u00bb0px\u00a0\u00bb box_shadow_blur_tablet=\u00a0\u00bb40px\u00a0\u00bb box_shadow_spread_tablet=\u00a0\u00bb0px\u00a0\u00bb locked=\u00a0\u00bboff\u00a0\u00bb collapsed=\u00a0\u00bboff\u00a0\u00bb][et_pb_column type=\u00a0\u00bb1_3&Prime; _builder_version=\u00a0\u00bb4.4.5&Prime; custom_padding=\u00a0\u00bb|||\u00a0\u00bb custom_padding__hover=\u00a0\u00bb|||\u00a0\u00bb][et_pb_blurb image=\u00a0\u00bbhttps:\/\/woundedwarriors.ca\/wp-content\/uploads\/2019\/05\/scott.jpg\u00a0\u00bb admin_label=\u00a0\u00bbImage\u00a0\u00bb module_class=\u00a0\u00bbteam-clinical\u00a0\u00bb _builder_version=\u00a0\u00bb4.4.9&Prime; header_font=\u00a0\u00bbHind|700|||||||\u00a0\u00bb header_text_color=\u00a0\u00bb#ffffff\u00a0\u00bb header_font_size=\u00a0\u00bb25px\u00a0\u00bb header_letter_spacing=\u00a0\u00bb1px\u00a0\u00bb body_line_height=\u00a0\u00bb1.2em\u00a0\u00bb link_option_url=\u00a0\u00bb\/about-wwc\/richard-martin\/\u00a0\u00bb]<\/p>\n<h3>\u00a0<\/h3>\n<p class=\"secondary-cta\">[\/et_pb_blurb][\/et_pb_column][et_pb_column type=\u00a0\u00bb1_3&Prime; _builder_version=\u00a0\u00bb4.4.9&Prime; background_color=\u00a0\u00bb#003e5b\u00a0\u00bb custom_padding=\u00a0\u00bb|||\u00a0\u00bb custom_padding__hover=\u00a0\u00bb|||\u00a0\u00bb][et_pb_text _builder_version=\u00a0\u00bb4.5.3&Prime; text_font_size=\u00a0\u00bb17px\u00a0\u00bb header_2_font=\u00a0\u00bb|700|||||||\u00a0\u00bb header_2_text_color=\u00a0\u00bb#ffffff\u00a0\u00bb header_2_font_size=\u00a0\u00bb30px\u00a0\u00bb custom_padding=\u00a0\u00bb|||40px||\u00a0\u00bb]<\/p>\n<h2>Scott Maxwell, Directeur administratif<\/h2>\n<p>Scott est n\u00e9 et a grandi \u00e0 Bowmanville, en Ontario. Apr\u00e8s avoir obtenu son dipl\u00f4me \u00e0 l\u2019\u00e9cole secondaire de Bowmanville \u00e0 titre de laur\u00e9at du M\u00e9rite scolaire de l\u2019Ontario, il a par la suite poursuivi ses \u00e9tudes en obtenant un Specialist HBA en Relations internationale et Politique publique canadienne \u00e0 l\u2019Universit\u00e9 de Toronto.<\/p>\n<p>Il a re\u00e7u son dipl\u00f4me en 2006, puis a ensuite d\u00e9m\u00e9nag\u00e9 \u00e0 Ottawa o\u00f9 il a accept\u00e9 le poste d\u2019adjoint de direction \u00e0 l\u2019Honorable Dan McTeague, P.C., MP. \u00c0 ce titre, Scott a \u00e9t\u00e9 impliqu\u00e9 dans plusieurs dossiers des Affaires consulaires tr\u00e8s m\u00e9diatis\u00e9s, interc\u00e9dant et plaidant en faveur des Canadiens d\u00e9tenus \u00e0 l\u2019\u00e9tranger. De plus, il s\u2019est engag\u00e9 dans le march\u00e9 de l\u2019\u00e9nergie canadien, s\u2019effor\u00e7ant d\u2019accro\u00eetre la sensibilisation et l\u2019attention \u00e0 l\u2019\u00e9gard des difficult\u00e9s auxquelles l\u2019industrie fait face au Canada.<\/p>\n<p>[\/et_pb_text][\/et_pb_column][et_pb_column type=\u00a0\u00bb1_3&Prime; _builder_version=\u00a0\u00bb4.4.9&Prime; background_color=\u00a0\u00bb#003e5b\u00a0\u00bb custom_padding=\u00a0\u00bb|||\u00a0\u00bb custom_padding__hover=\u00a0\u00bb|||\u00a0\u00bb][et_pb_text _builder_version=\u00a0\u00bb4.5.3&Prime; custom_padding=\u00a0\u00bb|||40px||\u00a0\u00bb]<\/p>\n<p>En 2011, Scott est retourn\u00e9 \u00e0 Toronto o\u00f9 il a accept\u00e9 le poste d\u2019adjoint de direction \u00e0 l\u2019honorable Tracy MacCharles, MPP. Pendant qu\u2019il travaillait \u00e0 Queen\u2019s Park, Scott a r\u00e9ussi \u00e0 faire avancer un certain nombre d\u2019am\u00e9liorations en mati\u00e8re de politique sociale, avec une attention particuli\u00e8re \u00e0 la sant\u00e9 mentale et aux services offerts aux personnes dans le besoin partout en Ontario.<\/p>\n<p>Le 11 juin 2007, le policier Darryl Caswell, un bon ami d\u2019enfance de Scott, a \u00e9t\u00e9 tu\u00e9 par une bombe en bordure de route en Afghanistan. \u00c0 partir de ce jour, Scott s\u2019est promis de rendre service \u00e0 ceux qui ont servi avec bravoure le Canada. Le 8 janvier 2013, Scott a accept\u00e9 le poste de directeur administratif de Wounded Warriors Canada \u2013 une organisation et une cause qu\u2019il a fi\u00e8rement servi jusqu\u2019\u00e0 ce jour.<\/p>\n<p>Scott vit \u00e0 Whitby, en Ontario.<\/p>\n<p>[\/et_pb_text][\/et_pb_column][\/et_pb_row][et_pb_row _builder_version=\u00a0\u00bb4.4.9&Prime; custom_padding=\u00a0\u00bb1px||15px|||\u00a0\u00bb][et_pb_column type=\u00a0\u00bb4_4&Prime; _builder_version=\u00a0\u00bb4.4.9&Prime;][et_pb_button button_url=\u00a0\u00bb\/fr\/a-propos-de-wwc\/\u00a0\u00bb button_text=\u00a0\u00bbRETOUR\u00a0\u00bb button_alignment=\u00a0\u00bbcenter\u00a0\u00bb button_alignment_tablet=\u00a0\u00bb\u00a0\u00bb button_alignment_phone=\u00a0\u00bb\u00a0\u00bb button_alignment_last_edited=\u00a0\u00bbon|desktop\u00a0\u00bb _builder_version=\u00a0\u00bb4.9.10&Prime; custom_button=\u00a0\u00bbon\u00a0\u00bb button_text_color=\u00a0\u00bb#ffffff\u00a0\u00bb button_bg_color=\u00a0\u00bb#9e1723&Prime; button_font=\u00a0\u00bbHind|600|||||||\u00a0\u00bb button_icon=\u00a0\u00bb%%19%%\u00a0\u00bb button_icon_color=\u00a0\u00bb#ffffff\u00a0\u00bb button_icon_placement=\u00a0\u00bbleft\u00a0\u00bb custom_padding=\u00a0\u00bb10px||||false|false\u00a0\u00bb hover_enabled=\u00a0\u00bb0&Prime; sticky_enabled=\u00a0\u00bb0&Prime;][\/et_pb_button][\/et_pb_column][\/et_pb_row][\/et_pb_section]<\/p>\n","protected":false},"excerpt":{"rendered":"<p>\u00a0 Scott Maxwell, Directeur administratif Scott est n\u00e9 et a grandi \u00e0 Bowmanville, en Ontario. Apr\u00e8s avoir obtenu son dipl\u00f4me \u00e0 l\u2019\u00e9cole secondaire de Bowmanville \u00e0 titre de laur\u00e9at du M\u00e9rite scolaire de l\u2019Ontario, il a par la suite poursuivi ses \u00e9tudes en obtenant un Specialist HBA en Relations internationale et Politique publique canadienne \u00e0 [&hellip;]<\/p>\n","protected":false},"author":2,"featured_media":0,"parent":12290,"menu_order":50,"comment_status":"closed","ping_status":"closed","template":"","meta":{"_et_pb_use_builder":"on","_et_pb_old_content":"","_et_gb_content_width":"","footnotes":"","_links_to":"","_links_to_target":""},"class_list":["post-12442","page","type-page","status-publish","hentry"],"_links":{"self":[{"href":"https:\/\/woundedwarriors.ca\/fr\/wp-json\/wp\/v2\/pages\/12442","targetHints":{"allow":["GET"]}}],"collection":[{"href":"https:\/\/woundedwarriors.ca\/fr\/wp-json\/wp\/v2\/pages"}],"about":[{"href":"https:\/\/woundedwarriors.ca\/fr\/wp-json\/wp\/v2\/types\/page"}],"author":[{"embeddable":true,"href":"https:\/\/woundedwarriors.ca\/fr\/wp-json\/wp\/v2\/users\/2"}],"replies":[{"embeddable":true,"href":"https:\/\/woundedwarriors.ca\/fr\/wp-json\/wp\/v2\/comments?post=12442"}],"version-history":[{"count":4,"href":"https:\/\/woundedwarriors.ca\/fr\/wp-json\/wp\/v2\/pages\/12442\/revisions"}],"predecessor-version":[{"id":37808,"href":"https:\/\/woundedwarriors.ca\/fr\/wp-json\/wp\/v2\/pages\/12442\/revisions\/37808"}],"up":[{"embeddable":true,"href":"https:\/\/woundedwarriors.ca\/fr\/wp-json\/wp\/v2\/pages\/12290"}],"wp:attachment":[{"href":"https:\/\/woundedwarriors.ca\/fr\/wp-json\/wp\/v2\/media?parent=12442"}],"curies":[{"name":"wp","href":"https:\/\/api.w.org\/{rel}","templated":true}]}}