{"id":12441,"date":"2019-05-28T14:59:29","date_gmt":"2019-05-28T14:59:29","guid":{"rendered":"https:\/\/woundedwarriors.ca\/a-propos\/philip-c-ralph\/"},"modified":"2022-10-26T20:23:32","modified_gmt":"2022-10-26T20:23:32","slug":"philip-c-ralph","status":"publish","type":"page","link":"https:\/\/woundedwarriors.ca\/fr\/a-propos-de-wwc\/philip-c-ralph\/","title":{"rendered":"Philip. C. Ralph"},"content":{"rendered":"<p>[et_pb_section fb_built=\u00a0\u00bb1&Prime; disabled_on=\u00a0\u00bboff|off|off\u00a0\u00bb admin_label=\u00a0\u00bbNAME & TITLE\u00a0\u00bb module_id=\u00a0\u00bbboard\u00a0\u00bb _builder_version=\u00a0\u00bb4.16&Prime; background_color=\u00a0\u00bb#e9eaeb\u00a0\u00bb parallax=\u00a0\u00bbon\u00a0\u00bb inner_width_tablet=\u00a0\u00bb50px\u00a0\u00bb inner_max_width_tablet=\u00a0\u00bb50px\u00a0\u00bb custom_padding=\u00a0\u00bb||5px||false|false\u00a0\u00bb z_index_tablet=\u00a0\u00bb500&Prime; da_popup_slug=\u00a0\u00bbboard\u00a0\u00bb da_disable_devices=\u00a0\u00bboff|off|off\u00a0\u00bb box_shadow_horizontal_tablet=\u00a0\u00bb0px\u00a0\u00bb box_shadow_vertical_tablet=\u00a0\u00bb0px\u00a0\u00bb box_shadow_blur_tablet=\u00a0\u00bb40px\u00a0\u00bb box_shadow_spread_tablet=\u00a0\u00bb0px\u00a0\u00bb collapsed=\u00a0\u00bboff\u00a0\u00bb global_colors_info=\u00a0\u00bb{}\u00a0\u00bb da_is_popup=\u00a0\u00bboff\u00a0\u00bb da_exit_intent=\u00a0\u00bboff\u00a0\u00bb da_has_close=\u00a0\u00bbon\u00a0\u00bb da_alt_close=\u00a0\u00bboff\u00a0\u00bb da_dark_close=\u00a0\u00bboff\u00a0\u00bb da_not_modal=\u00a0\u00bbon\u00a0\u00bb da_is_singular=\u00a0\u00bboff\u00a0\u00bb da_with_loader=\u00a0\u00bboff\u00a0\u00bb da_has_shadow=\u00a0\u00bbon\u00a0\u00bb][et_pb_row column_structure=\u00a0\u00bb1_3,1_3,1_3&Prime; use_custom_gutter=\u00a0\u00bbon\u00a0\u00bb gutter_width=\u00a0\u00bb1&Prime; make_equal=\u00a0\u00bbon\u00a0\u00bb module_class=\u00a0\u00bbpeople\u00a0\u00bb _builder_version=\u00a0\u00bb4.16&Prime; background_size=\u00a0\u00bbinitial\u00a0\u00bb background_position=\u00a0\u00bbtop_left\u00a0\u00bb background_repeat=\u00a0\u00bbrepeat\u00a0\u00bb width=\u00a0\u00bb90%\u00a0\u00bb width_phone=\u00a0\u00bb50px\u00a0\u00bb max_width=\u00a0\u00bb100%\u00a0\u00bb max_width_phone=\u00a0\u00bb1280px\u00a0\u00bb module_alignment=\u00a0\u00bbcenter\u00a0\u00bb custom_padding=\u00a0\u00bb0px||33px|||\u00a0\u00bb z_index_tablet=\u00a0\u00bb500&Prime; box_shadow_horizontal_tablet=\u00a0\u00bb0px\u00a0\u00bb box_shadow_vertical_tablet=\u00a0\u00bb0px\u00a0\u00bb box_shadow_blur_tablet=\u00a0\u00bb40px\u00a0\u00bb box_shadow_spread_tablet=\u00a0\u00bb0px\u00a0\u00bb locked=\u00a0\u00bboff\u00a0\u00bb collapsed=\u00a0\u00bboff\u00a0\u00bb global_colors_info=\u00a0\u00bb{}\u00a0\u00bb][et_pb_column type=\u00a0\u00bb1_3&Prime; _builder_version=\u00a0\u00bb4.16&Prime; custom_padding=\u00a0\u00bb|||\u00a0\u00bb global_colors_info=\u00a0\u00bb{}\u00a0\u00bb custom_padding__hover=\u00a0\u00bb|||\u00a0\u00bb][et_pb_blurb image=\u00a0\u00bbhttps:\/\/woundedwarriors.ca\/wp-content\/uploads\/2021\/12\/WWC-Headshots-5.jpg\u00a0\u00bb admin_label=\u00a0\u00bbImage\u00a0\u00bb module_class=\u00a0\u00bbteam-clinical\u00a0\u00bb _builder_version=\u00a0\u00bb4.18.0&Prime; header_font=\u00a0\u00bbHind|700|||||||\u00a0\u00bb header_text_color=\u00a0\u00bb#ffffff\u00a0\u00bb header_font_size=\u00a0\u00bb25px\u00a0\u00bb header_letter_spacing=\u00a0\u00bb1px\u00a0\u00bb body_line_height=\u00a0\u00bb1.2em\u00a0\u00bb link_option_url=\u00a0\u00bb\/about-wwc\/richard-martin\/\u00a0\u00bb hover_enabled=\u00a0\u00bb0&Prime; global_colors_info=\u00a0\u00bb{}\u00a0\u00bb title_text=\u00a0\u00bbWWC Headshots-5&Prime; sticky_enabled=\u00a0\u00bb0&Prime;]<\/p>\n<h3>\u00a0<\/h3>\n<p class=\"secondary-cta\">[\/et_pb_blurb][\/et_pb_column][et_pb_column type=\u00a0\u00bb1_3&Prime; _builder_version=\u00a0\u00bb4.16&Prime; background_color=\u00a0\u00bb#003e5b\u00a0\u00bb custom_padding=\u00a0\u00bb|||\u00a0\u00bb global_colors_info=\u00a0\u00bb{}\u00a0\u00bb custom_padding__hover=\u00a0\u00bb|||\u00a0\u00bb][et_pb_text _builder_version=\u00a0\u00bb4.16&Prime; text_font_size=\u00a0\u00bb17px\u00a0\u00bb header_2_font=\u00a0\u00bb|700|||||||\u00a0\u00bb header_2_text_color=\u00a0\u00bb#ffffff\u00a0\u00bb header_2_font_size=\u00a0\u00bb30px\u00a0\u00bb custom_padding=\u00a0\u00bb|||40px||\u00a0\u00bb global_colors_info=\u00a0\u00bb{}\u00a0\u00bb]<\/p>\n<h2>Philip. C. Ralph, CD<br \/>Captain (\u00e0 la retraite), Directeur des services de sant\u00e9<\/h2>\n<p>Phil est actuellement secr\u00e9taire et directeur de programme de WoundedWarriors.ca et a occup\u00e9 diff\u00e9rentes fonctions avec l\u2019organisation caritative depuis sa fondation en 2006, notamment comme pr\u00e9sident pendant deux ans. En tant que directeur de programme, il supervise la mise en \u0153uvre de nombreux programmes \u00e9nergiques et fascinants b\u00e9n\u00e9ficiant les anciens combattants.<\/p>\n<p>Philip Ralph sert actuellement notre pays dans les Forces canadiennes en tant qu\u2019aum\u00f4nier de r\u00e9giment pour le 32e R\u00e9giment du g\u00e9nie de combat (formellement le 2e R\u00e9giment du g\u00e9nie de combat) \u00e0 Toronto, un poste qu\u2019il a occup\u00e9 pendant plus de deux d\u00e9cennies. \u00c0 ce titre, il a \u00e9t\u00e9 sensibilis\u00e9 aux d\u00e9fis et aux besoins des anciens combattants d\u2019aujourd\u2019hui. En tant qu\u2019aum\u00f4nier des Forces canadiennes, Phil a \u00e9t\u00e9 directement impliqu\u00e9 dans un certain nombre de notifications aupr\u00e8s des familles du personnel des Forces canadiennes, y compris des notifications provenant de situations outremer et domestiques.\u00a0<\/p>\n<p>[\/et_pb_text][\/et_pb_column][et_pb_column type=\u00a0\u00bb1_3&Prime; _builder_version=\u00a0\u00bb4.16&Prime; background_color=\u00a0\u00bb#003e5b\u00a0\u00bb custom_padding=\u00a0\u00bb|||\u00a0\u00bb global_colors_info=\u00a0\u00bb{}\u00a0\u00bb custom_padding__hover=\u00a0\u00bb|||\u00a0\u00bb][et_pb_text _builder_version=\u00a0\u00bb4.16&Prime; custom_padding=\u00a0\u00bb|||40px||\u00a0\u00bb global_colors_info=\u00a0\u00bb{}\u00a0\u00bb]<\/p>\n<p>Ayant \u00e9t\u00e9 personnellement t\u00e9moin des effets des d\u00e9ploiements sur nos anciens combattants, il nourrit une passion de contribuer \u00e0 aider les anciens combattants d\u2019aujourd\u2019hui vers l\u2019int\u00e9grit\u00e9 et la gu\u00e9rison.<\/p>\n<p>L\u2019aum\u00f4nier Ralph a servi \u00e0 titre de personnel d\u2019instruction au Centre-\u00e9cole des aum\u00f4niers des Forces canadiennes situ\u00e9 sur la Base des Forces canadiennes de Borden \u00e0 diff\u00e9rentes reprises. Il a \u00e9galement servi \u00e0 titre d\u2019aum\u00f4nier sup\u00e9rieur au Centre d\u2019instruction des cadets de Blackdown pendant huit \u00e9t\u00e9, supervisant du personnel pendant qu\u2019il s\u2019occupait d\u2019un camp comptant 3 000 personnes, y compris 2 500 jeunes.<\/p>\n<p>\u00c0 titre civil, l\u2019aum\u00f4nier Ralph sert une congr\u00e9gation suburbaine tr\u00e8s active en tant que pasteur principal de l\u2019\u00c9glise baptiste d\u2019Ajax. Il d\u00e9tient un baccalaur\u00e9at en th\u00e9ologie de l\u2019Ontario Bible College et une ma\u00eetrise en \u00e9tudes divines de l\u2019Ontario Theological Seminary.<\/p>\n<p>[\/et_pb_text][\/et_pb_column][\/et_pb_row][et_pb_row _builder_version=\u00a0\u00bb4.16&Prime; custom_padding=\u00a0\u00bb1px||15px|||\u00a0\u00bb global_colors_info=\u00a0\u00bb{}\u00a0\u00bb][et_pb_column type=\u00a0\u00bb4_4&Prime; _builder_version=\u00a0\u00bb4.16&Prime; global_colors_info=\u00a0\u00bb{}\u00a0\u00bb][et_pb_button button_url=\u00a0\u00bb\/fr\/a-propos-de-wwc\/\u00a0\u00bb button_text=\u00a0\u00bbRETOUR\u00a0\u00bb button_alignment=\u00a0\u00bbcenter\u00a0\u00bb button_alignment_tablet=\u00a0\u00bb\u00a0\u00bb button_alignment_phone=\u00a0\u00bb\u00a0\u00bb button_alignment_last_edited=\u00a0\u00bbon|desktop\u00a0\u00bb _builder_version=\u00a0\u00bb4.16&Prime; custom_button=\u00a0\u00bbon\u00a0\u00bb button_text_color=\u00a0\u00bb#ffffff\u00a0\u00bb button_bg_color=\u00a0\u00bb#9e1723&Prime; button_font=\u00a0\u00bbHind|600|||||||\u00a0\u00bb button_icon=\u00a0\u00bb&#x34;||divi||400&Prime; button_icon_color=\u00a0\u00bb#ffffff\u00a0\u00bb button_icon_placement=\u00a0\u00bbleft\u00a0\u00bb custom_padding=\u00a0\u00bb10px||||false|false\u00a0\u00bb global_colors_info=\u00a0\u00bb{}\u00a0\u00bb][\/et_pb_button][\/et_pb_column][\/et_pb_row][\/et_pb_section]<\/p>\n","protected":false},"excerpt":{"rendered":"<p>\u00a0 Philip. C. Ralph, CDCaptain (\u00e0 la retraite), Directeur des services de sant\u00e9 Phil est actuellement secr\u00e9taire et directeur de programme de WoundedWarriors.ca et a occup\u00e9 diff\u00e9rentes fonctions avec l\u2019organisation caritative depuis sa fondation en 2006, notamment comme pr\u00e9sident pendant deux ans. En tant que directeur de programme, il supervise la mise en \u0153uvre de [&hellip;]<\/p>\n","protected":false},"author":2,"featured_media":0,"parent":12290,"menu_order":49,"comment_status":"closed","ping_status":"closed","template":"","meta":{"_et_pb_use_builder":"on","_et_pb_old_content":"","_et_gb_content_width":"","footnotes":"","_links_to":"","_links_to_target":""},"class_list":["post-12441","page","type-page","status-publish","hentry"],"_links":{"self":[{"href":"https:\/\/woundedwarriors.ca\/fr\/wp-json\/wp\/v2\/pages\/12441","targetHints":{"allow":["GET"]}}],"collection":[{"href":"https:\/\/woundedwarriors.ca\/fr\/wp-json\/wp\/v2\/pages"}],"about":[{"href":"https:\/\/woundedwarriors.ca\/fr\/wp-json\/wp\/v2\/types\/page"}],"author":[{"embeddable":true,"href":"https:\/\/woundedwarriors.ca\/fr\/wp-json\/wp\/v2\/users\/2"}],"replies":[{"embeddable":true,"href":"https:\/\/woundedwarriors.ca\/fr\/wp-json\/wp\/v2\/comments?post=12441"}],"version-history":[{"count":8,"href":"https:\/\/woundedwarriors.ca\/fr\/wp-json\/wp\/v2\/pages\/12441\/revisions"}],"predecessor-version":[{"id":42811,"href":"https:\/\/woundedwarriors.ca\/fr\/wp-json\/wp\/v2\/pages\/12441\/revisions\/42811"}],"up":[{"embeddable":true,"href":"https:\/\/woundedwarriors.ca\/fr\/wp-json\/wp\/v2\/pages\/12290"}],"wp:attachment":[{"href":"https:\/\/woundedwarriors.ca\/fr\/wp-json\/wp\/v2\/media?parent=12441"}],"curies":[{"name":"wp","href":"https:\/\/api.w.org\/{rel}","templated":true}]}}