{"id":12438,"date":"2019-05-28T14:59:29","date_gmt":"2019-05-28T14:59:29","guid":{"rendered":"https:\/\/woundedwarriors.ca\/a-propos\/romeo-a-dallaire\/"},"modified":"2020-07-31T21:45:45","modified_gmt":"2020-07-31T21:45:45","slug":"romeo-a-dallaire","status":"publish","type":"page","link":"https:\/\/woundedwarriors.ca\/fr\/a-propos-de-wwc\/romeo-a-dallaire\/","title":{"rendered":"Rom\u00e9o A. Dallaire"},"content":{"rendered":"<p>[et_pb_section fb_built=\u00a0\u00bb1&Prime; disabled_on=\u00a0\u00bboff|off|off\u00a0\u00bb admin_label=\u00a0\u00bbNAME & TITLE\u00a0\u00bb module_id=\u00a0\u00bbboard\u00a0\u00bb _builder_version=\u00a0\u00bb4.4.9&Prime; background_color=\u00a0\u00bb#e9eaeb\u00a0\u00bb parallax=\u00a0\u00bbon\u00a0\u00bb inner_width_tablet=\u00a0\u00bb50px\u00a0\u00bb inner_max_width_tablet=\u00a0\u00bb50px\u00a0\u00bb custom_padding=\u00a0\u00bb||5px||false|false\u00a0\u00bb z_index_tablet=\u00a0\u00bb500&Prime; da_popup_slug=\u00a0\u00bbboard\u00a0\u00bb da_disable_devices=\u00a0\u00bboff|off|off\u00a0\u00bb box_shadow_horizontal_tablet=\u00a0\u00bb0px\u00a0\u00bb box_shadow_vertical_tablet=\u00a0\u00bb0px\u00a0\u00bb box_shadow_blur_tablet=\u00a0\u00bb40px\u00a0\u00bb box_shadow_spread_tablet=\u00a0\u00bb0px\u00a0\u00bb collapsed=\u00a0\u00bboff\u00a0\u00bb da_is_popup=\u00a0\u00bboff\u00a0\u00bb da_exit_intent=\u00a0\u00bboff\u00a0\u00bb da_has_close=\u00a0\u00bbon\u00a0\u00bb da_alt_close=\u00a0\u00bboff\u00a0\u00bb da_dark_close=\u00a0\u00bboff\u00a0\u00bb da_not_modal=\u00a0\u00bbon\u00a0\u00bb da_is_singular=\u00a0\u00bboff\u00a0\u00bb da_with_loader=\u00a0\u00bboff\u00a0\u00bb da_has_shadow=\u00a0\u00bbon\u00a0\u00bb][et_pb_row column_structure=\u00a0\u00bb1_3,1_3,1_3&Prime; use_custom_gutter=\u00a0\u00bbon\u00a0\u00bb gutter_width=\u00a0\u00bb1&Prime; make_equal=\u00a0\u00bbon\u00a0\u00bb module_class=\u00a0\u00bbpeople\u00a0\u00bb _builder_version=\u00a0\u00bb4.4.9&Prime; background_size=\u00a0\u00bbinitial\u00a0\u00bb background_position=\u00a0\u00bbtop_left\u00a0\u00bb background_repeat=\u00a0\u00bbrepeat\u00a0\u00bb width=\u00a0\u00bb90%\u00a0\u00bb width_phone=\u00a0\u00bb50px\u00a0\u00bb max_width=\u00a0\u00bb100%\u00a0\u00bb max_width_phone=\u00a0\u00bb1280px\u00a0\u00bb module_alignment=\u00a0\u00bbcenter\u00a0\u00bb custom_padding=\u00a0\u00bb0px||33px|||\u00a0\u00bb z_index_tablet=\u00a0\u00bb500&Prime; box_shadow_horizontal_tablet=\u00a0\u00bb0px\u00a0\u00bb box_shadow_vertical_tablet=\u00a0\u00bb0px\u00a0\u00bb box_shadow_blur_tablet=\u00a0\u00bb40px\u00a0\u00bb box_shadow_spread_tablet=\u00a0\u00bb0px\u00a0\u00bb locked=\u00a0\u00bboff\u00a0\u00bb collapsed=\u00a0\u00bboff\u00a0\u00bb][et_pb_column type=\u00a0\u00bb1_3&Prime; _builder_version=\u00a0\u00bb4.4.5&Prime; custom_padding=\u00a0\u00bb|||\u00a0\u00bb custom_padding__hover=\u00a0\u00bb|||\u00a0\u00bb][et_pb_blurb image=\u00a0\u00bbhttps:\/\/woundedwarriors.ca\/wp-content\/uploads\/2019\/05\/Romeo-Dallaire.jpg\u00a0\u00bb admin_label=\u00a0\u00bbImage\u00a0\u00bb module_class=\u00a0\u00bbteam-clinical\u00a0\u00bb _builder_version=\u00a0\u00bb4.5.1&Prime; header_font=\u00a0\u00bbHind|700|||||||\u00a0\u00bb header_text_color=\u00a0\u00bb#ffffff\u00a0\u00bb header_font_size=\u00a0\u00bb25px\u00a0\u00bb header_letter_spacing=\u00a0\u00bb1px\u00a0\u00bb body_line_height=\u00a0\u00bb1.2em\u00a0\u00bb]<\/p>\n<h3>\u00a0<\/h3>\n<p class=\"secondary-cta\">[\/et_pb_blurb][\/et_pb_column][et_pb_column type=\u00a0\u00bb1_3&Prime; _builder_version=\u00a0\u00bb4.4.9&Prime; background_color=\u00a0\u00bb#003e5b\u00a0\u00bb custom_padding=\u00a0\u00bb|||\u00a0\u00bb custom_padding__hover=\u00a0\u00bb|||\u00a0\u00bb][et_pb_text _builder_version=\u00a0\u00bb4.5.1&Prime; text_font_size=\u00a0\u00bb17px\u00a0\u00bb link_text_color=\u00a0\u00bb#ffffff\u00a0\u00bb header_2_font=\u00a0\u00bb|700|||||||\u00a0\u00bb header_2_text_color=\u00a0\u00bb#ffffff\u00a0\u00bb header_2_font_size=\u00a0\u00bb30px\u00a0\u00bb custom_padding=\u00a0\u00bb|||40px||\u00a0\u00bb hover_enabled=\u00a0\u00bb0&Prime;]<\/p>\n<h2>LGen (Ret\u2019d) the Honourable Rom\u00e9o A. Dallaire<\/h2>\n<p><strong>O.C., C.M.M., G.O.Q, C.S.M., C.D., (retrait\u00e9), s\u00e9nateur, Pr\u00e9sident d\u2019honneur<\/strong><\/p>\n<p>L\u2019honorable Rom\u00e9o Dallaire a men\u00e9 une brillante carri\u00e8re dans l\u2019arm\u00e9e canadienne, o\u00f9 il a occup\u00e9 le grade de lieutenant-g\u00e9n\u00e9ral et a \u00e9t\u00e9 nomm\u00e9 sous-ministre adjoint (ressources humaines). En 1994, le g\u00e9n\u00e9ral Dallaire a command\u00e9 la Mission des Nations Unies pour l\u2019assistance au Rwanda. Son livre J\u2019ai serr\u00e9 la main du diable: la faillite de l\u2019humanit\u00e9 au Rwanda, qui d\u00e9crit ses exp\u00e9riences au Rwanda, a re\u00e7u en 2004 le Prix litt\u00e9raire de la gouverneure g\u00e9n\u00e9rale pour un ouvrage de non-fiction et forme la trame d\u2019un long m\u00e9trage qui a \u00e9t\u00e9 mis \u00e0 l\u2019affiche en 2007. Lib\u00e9r\u00e9 en 2000 pour trouble de stress post-traumatique (TSPT), le s\u00e9nateur Dallaire est auteur, conf\u00e9rencier et travailleur humanitaire; il a effectu\u00e9 des recherches sur la r\u00e9solution de conflits et sur les enfants soldats \u00e0 la Kennedy School of Government \u00e0 l\u2019Universit\u00e9 Harvard. Le dernier ouvrage du g\u00e9n\u00e9ral Dallaire, Ils se battent comme des soldats, ils meurent comme des enfants \u2013 Pour en finir avec le recours aux enfants soldats, d\u00e9crit le ph\u00e9nom\u00e8ne des enfants soldats et propose des solutions pour l\u2019\u00e9liminer.<\/p>\n<p>[\/et_pb_text][\/et_pb_column][et_pb_column type=\u00a0\u00bb1_3&Prime; _builder_version=\u00a0\u00bb4.4.9&Prime; background_color=\u00a0\u00bb#003e5b\u00a0\u00bb custom_padding=\u00a0\u00bb|||\u00a0\u00bb custom_padding__hover=\u00a0\u00bb|||\u00a0\u00bb][et_pb_text _builder_version=\u00a0\u00bb4.5.1&Prime; link_text_color=\u00a0\u00bb#ffffff\u00a0\u00bb custom_padding=\u00a0\u00bb|||40px||\u00a0\u00bb hover_enabled=\u00a0\u00bb0&Prime;]<\/p>\n<p>Il a particip\u00e9 \u00e0 la r\u00e9forme du soutien offert \u00e0 la nouvelle g\u00e9n\u00e9ration de v\u00e9t\u00e9rans, en particulier ceux qui sont victimes du TSPT. Le g\u00e9n\u00e9ral Dallaire a \u00e9t\u00e9 nomm\u00e9 au S\u00e9nat le 24 mars 2005 et il est le vice-pr\u00e9sident du Comit\u00e9 s\u00e9natorial permanent de la s\u00e9curit\u00e9 nationale et de la d\u00e9fense, en plus d\u2019\u00eatre le pr\u00e9sident du Sous-comit\u00e9 des anciens combattants. Avec l\u2019\u00e9v\u00eaque Desmond Tutu, il a \u00e9t\u00e9 nomm\u00e9 au Comit\u00e9 consultatif du Secr\u00e9taire des Nations Unies sur la pr\u00e9vention du g\u00e9nocide au printemps 2006 et est attach\u00e9 sup\u00e9rieur de recherches \u00e0 l\u2019Institut montr\u00e9alais d\u2019\u00e9tudes sur le g\u00e9nocide et les droits de la personne, de l\u2019Universit\u00e9 Concordia. Il a \u00e9t\u00e9 re\u00e7u officier de l\u2019Ordre du Canada en 2002, a obtenu la M\u00e9daille Pearson pour la paix en 2005 et a \u00e9t\u00e9 re\u00e7u grand officier de l\u2019Ordre national du Qu\u00e9bec en 2006. Il d\u00e9tient des doctorats honorifiques et est boursier (fellowships) de pr\u00e8s de trois douzaines d\u2019universit\u00e9s au Canada et aux \u00c9tats-Unis.<\/p>\n<p>[\/et_pb_text][\/et_pb_column][\/et_pb_row][et_pb_row _builder_version=\u00a0\u00bb4.4.9&Prime; custom_padding=\u00a0\u00bb1px||15px|||\u00a0\u00bb][et_pb_column type=\u00a0\u00bb4_4&Prime; _builder_version=\u00a0\u00bb4.4.9&Prime;][et_pb_button button_url=\u00a0\u00bbhttps:\/\/woundedwarriors.ca\/about-wwc\/\u00a0\u00bb button_text=\u00a0\u00bbBACK\u00a0\u00bb button_alignment=\u00a0\u00bbcenter\u00a0\u00bb button_alignment_tablet=\u00a0\u00bb\u00a0\u00bb button_alignment_phone=\u00a0\u00bb\u00a0\u00bb button_alignment_last_edited=\u00a0\u00bbon|desktop\u00a0\u00bb _builder_version=\u00a0\u00bb4.4.9&Prime; custom_button=\u00a0\u00bbon\u00a0\u00bb button_text_color=\u00a0\u00bb#ffffff\u00a0\u00bb button_bg_color=\u00a0\u00bb#9e1723&Prime; button_font=\u00a0\u00bbHind|600|||||||\u00a0\u00bb button_icon=\u00a0\u00bb%%19%%\u00a0\u00bb button_icon_color=\u00a0\u00bb#ffffff\u00a0\u00bb button_icon_placement=\u00a0\u00bbleft\u00a0\u00bb custom_padding=\u00a0\u00bb10px||||false|false\u00a0\u00bb][\/et_pb_button][\/et_pb_column][\/et_pb_row][\/et_pb_section]<\/p>\n","protected":false},"excerpt":{"rendered":"<p>\u00a0 LGen (Ret\u2019d) the Honourable Rom\u00e9o A. Dallaire O.C., C.M.M., G.O.Q, C.S.M., C.D., (retrait\u00e9), s\u00e9nateur, Pr\u00e9sident d\u2019honneur L\u2019honorable Rom\u00e9o Dallaire a men\u00e9 une brillante carri\u00e8re dans l\u2019arm\u00e9e canadienne, o\u00f9 il a occup\u00e9 le grade de lieutenant-g\u00e9n\u00e9ral et a \u00e9t\u00e9 nomm\u00e9 sous-ministre adjoint (ressources humaines). En 1994, le g\u00e9n\u00e9ral Dallaire a command\u00e9 la Mission des Nations [&hellip;]<\/p>\n","protected":false},"author":2,"featured_media":0,"parent":12290,"menu_order":57,"comment_status":"closed","ping_status":"closed","template":"","meta":{"_et_pb_use_builder":"on","_et_pb_old_content":"","_et_gb_content_width":"","footnotes":"","_links_to":"","_links_to_target":""},"class_list":["post-12438","page","type-page","status-publish","hentry"],"_links":{"self":[{"href":"https:\/\/woundedwarriors.ca\/fr\/wp-json\/wp\/v2\/pages\/12438","targetHints":{"allow":["GET"]}}],"collection":[{"href":"https:\/\/woundedwarriors.ca\/fr\/wp-json\/wp\/v2\/pages"}],"about":[{"href":"https:\/\/woundedwarriors.ca\/fr\/wp-json\/wp\/v2\/types\/page"}],"author":[{"embeddable":true,"href":"https:\/\/woundedwarriors.ca\/fr\/wp-json\/wp\/v2\/users\/2"}],"replies":[{"embeddable":true,"href":"https:\/\/woundedwarriors.ca\/fr\/wp-json\/wp\/v2\/comments?post=12438"}],"version-history":[{"count":3,"href":"https:\/\/woundedwarriors.ca\/fr\/wp-json\/wp\/v2\/pages\/12438\/revisions"}],"predecessor-version":[{"id":32162,"href":"https:\/\/woundedwarriors.ca\/fr\/wp-json\/wp\/v2\/pages\/12438\/revisions\/32162"}],"up":[{"embeddable":true,"href":"https:\/\/woundedwarriors.ca\/fr\/wp-json\/wp\/v2\/pages\/12290"}],"wp:attachment":[{"href":"https:\/\/woundedwarriors.ca\/fr\/wp-json\/wp\/v2\/media?parent=12438"}],"curies":[{"name":"wp","href":"https:\/\/api.w.org\/{rel}","templated":true}]}}